{"id":1847,"date":"2021-09-20T14:54:51","date_gmt":"2021-09-20T14:54:51","guid":{"rendered":"https:\/\/navarrahealthtourism.com\/clinica-universidad-de-navarra\/"},"modified":"2021-12-21T07:03:42","modified_gmt":"2021-12-21T07:03:42","slug":"clinica-universidad-de-navarra","status":"publish","type":"page","link":"https:\/\/navarrahealthtourism.com\/en\/clinica-universidad-de-navarra\/","title":{"rendered":"Cl\u00ednica Universidad de Navarra"},"content":{"rendered":"<p><img decoding=\"async\" src=\"\/wp-content\/uploads\/cun1.jpg\" alt=\"\"><\/p>\n<h1>Cl\u00ednica Universidad de Navarra<\/h1>\n<div>\n<div class=\"contacto\">\n<strong>ADDRESS<\/strong>: Av. P\u00edo XII 36, 31008 (Pamplona)<br \/>\n    <strong>PHONE<\/strong>: <a href=\"tel:+34948255400\">(+34) 948 255 400<\/a> | <a href=\"tel:+34948296500\">(+34) 948 296 500<\/a><br \/>\n    <strong>WEBSITE<\/strong>: <a target=\"CUN web oficial\" href=\"https:\/\/www.cun.es\">www.cun.es<\/a><br \/>\n<strong>EMAIL PATIENT ASSISTANCE CENTRE<\/strong>: <a href=\"mailto:atpacientecun@unav.es\">atpacientecun@unav.es<\/a><br \/>\n    <strong>EMAIL MARKETING DEPARTMENT  (Mr. Alonso Gil Casares)<\/strong>: <a href=\"mailto:agilcasares@unav.es\">agilcasares@unav.es<\/a><\/div>\n<p><p>The <strong>Cl&iacute;nica  Universidad de Navarra<\/strong>&nbsp;is a medical-hospital centre with a  history dating back more than 50 years. It is located in Pamplona, Spain, and  it is noted for its high level of medical specialisation, its personalised  attention and for always remaining at the forefront of technology.<\/p>\n<p>The clinic is a pioneer in the implementation of medical techniques at an international level, and has received numerous acknowledgements and awards to substantiate its work. It boasts the best technology infrastructure among the private centres in Spain.<\/p>\n<h3>REASONS WHY THE CUN IS A LEADER IN MEDICAL INNOVATION<\/h3>\n<ul>\n<li>35 medical departments and 10 multidisciplinary specialist areas <\/li>\n<li>Latest clinical advances and technology:\n<ul>\n<li>Most advanced Proton Therapy Unit in Europe.<\/li>\n<li>&ldquo;CT SOMATOM  DRIVE&quot;, one of the fastest CTs in the medical field.<\/li>\n<li>PET-CT high image resolution, early detection and minimum  radiation.<\/li>\n<li>Surgery unit with 2 hybrid operating theatres for maximum  large-field intraoperative precision (unique in Europe)<\/li>\n<li>3 linear accelerators for maximum precision radiotherapy and  fewer sessions<\/li>\n<li>3 magnetic resonance units, 2 of which are 3 Tesla.<\/li>\n<li>Da Vinci Robotic Surgery for greater surgical precision, a  minimally invasive procedure and elimination of the surgeon&#8217;s natural hand  tremor.<\/li>\n<li>ELECTROPHYSIOLOGY LABORATORY with advanced imaging and  navigation systems for the more complex cardiac procedures.<\/li>\n<li>Non-invasive high-intensity focused ultrasound (HIFU) captures  the heat of thousands of ultrasound beams and concentrates it on a target.<\/li>\n<li>PET GMP Laboratory with the possibility of synthesizing 18  different radiopharmaceuticals.<\/li>\n<li>High-definition SPECT-CT and PET-CT units<\/li>\n<li>Haemodynamics and electrophysiology rooms<\/li>\n<li>2 radiological intervention rooms<\/li>\n<li>Polysomnographic laboratory and video EEG monitoring<\/li>\n<li>CIMA LAB laboratory &#8211; genetic studies<\/li>\n<li>Preventive medicine: fast-track, complete and comprehensive check-ups<\/li>\n<li>Minimally invasive surgery with NOTES (Natural Orifice  Transluminal Endoscopy Surgery<\/li>\n<li>Complete radiotherapy treatment: therapy with Yttrium-90  microspheres, radiosurgery, IMRT, Brachytherapy.<\/li>\n<li>Integrated view of obesity. Bariatric and metabolic surgeries<\/li>\n<li>Immunotherapy for tumours and infectious diseases<\/li>\n<li>Innovation in medical devices: hypoglossal nerve implants for  the treatment of OSAS, cochlear implants and deep brain stimulation treatments.<\/li>\n<li>Genetic and molecular biology in diagnostics and individual  treatments of brain tumours and other serious illnesses<\/li>\n<li>Kidney and liver transplants from living donors<\/li>\n<li>Bone marrow transplants<\/li>\n<li>Gene and cell therapy<\/li>\n<\/ul>\n<\/li>\n<li>Accreditation by the Joint Commission International since 2004  (February 2017 &#8211; fifth time in succession). (score of 9.8 out of 10 points in  1305 items measured)<\/li>\n<li>Accreditation by the Joint Commission International &#8211; standards  for University Hospitals, since 2014. (23 centre accredited in the world, the  only centre in Spain).<\/li>\n<li>&quot;Best in Class&quot; award &#8211; the Spanish private hospital  with the best reputation (Third consecutive year &ndash; 2014,2015,2016). Healthcare  Reputation Monitor of Spain (MERCO)<\/li>\n<li>Centre of European Excellency for the treatment of obesity EASO  (The European Association for the Study of Obesity)<\/li>\n<li>Centre of European Excellency for the surgery of obesity. IFSO.  International Federation for the Surgery of Obesity and Metabolic Disorders<\/li>\n<li>Centre of excellence for the integration of palliative care and  oncology treatment ESMO European Society for Medical Oncology<\/li>\n<li>The No. 1 Private Hospital in Spain for 12 medical specialties<\/li>\n<\/ul>\n<\/div>\n<p><!--more--><br \/>\n<!-- {\"type\":\"layout\",\"children\":[{\"type\":\"section\",\"props\":{\"style\":\"default\",\"width\":\"\",\"vertical_align\":\"middle\",\"title_position\":\"top-left\",\"title_rotation\":\"left\",\"title_breakpoint\":\"xl\",\"image_position\":\"center-center\",\"padding_remove_top\":false,\"padding\":\"none\"},\"children\":[{\"type\":\"row\",\"children\":[{\"type\":\"column\",\"props\":{\"image_position\":\"center-center\",\"media_overlay_gradient\":\"\"},\"children\":[{\"type\":\"image\",\"props\":{\"margin\":\"default\",\"image_svg_color\":\"emphasis\",\"image\":\"wp-content\\\/uploads\\\/cun1.jpg\"}}]}]}]},{\"type\":\"section\",\"props\":{\"style\":\"default\",\"width\":\"default\",\"vertical_align\":\"middle\",\"title_position\":\"top-left\",\"title_rotation\":\"left\",\"title_breakpoint\":\"xl\",\"image_position\":\"center-center\",\"padding\":\"small\",\"padding_remove_top\":false},\"children\":[{\"type\":\"row\",\"children\":[{\"type\":\"column\",\"props\":{\"image_position\":\"center-center\",\"media_overlay_gradient\":\"\"},\"children\":[{\"type\":\"headline\",\"props\":{\"title_element\":\"h1\",\"content\":\"Cl\\u00ednica Universidad de Navarra\",\"title_color\":\"danger\"}},{\"type\":\"html\",\"props\":{\"content\":\"\n\n<div class=\\\"contacto\\\">\\n<strong>ADDRESS<\\\/strong>: Av. P\\u00edo XII 36, 31008 (Pamplona)<br \\\/>\\n    <strong>PHONE<\\\/strong>: <a href=\\\"tel:+34948255400\\\">(+34) 948 255 400<\\\/a> | <a href=\\\"tel:+34948296500\\\">(+34) 948 296 500<\\\/a><br \\\/>\\n    <strong>WEBSITE<\\\/strong>: <a target=\\\"CUN web oficial\\\" href=\\\"https:\\\/\\\/www.cun.es\\\">www.cun.es<\\\/a><br \\\/>\\n<strong>EMAIL PATIENT ASSISTANCE CENTRE<\\\/strong>: <a href=\\\"mailto:atpacientecun@unav.es\\\">atpacientecun@unav.es<\\\/a><br \\\/>\\n    <strong>EMAIL MARKETING DEPARTMENT  (Mr. Alonso Gil Casares)<\\\/strong>: <a href=\\\"mailto:agilcasares@unav.es\\\">agilcasares@unav.es<\\\/a><\\\/div>\\n\\n\n\n<p>\n\n<p>The <strong>Cl&iacute;nica  Universidad de Navarra<\\\/strong>&nbsp;is a medical-hospital centre with a  history dating back more than 50 years. It is located in Pamplona, Spain, and  it is noted for its high level of medical specialisation, its personalised  attention and for always remaining at the forefront of technology.<\\\/p>\\n\n\n<p>The clinic is a pioneer in the implementation of medical techniques at an international level, and has received numerous acknowledgements and awards to substantiate its work. It boasts the best technology infrastructure among the private centres in Spain.<\\\/p>\\n\\n\n\n<h3>REASONS WHY THE CUN IS A LEADER IN MEDICAL INNOVATION<\\\/h3>\\n\n\n<ul>\\n  \n\n<li>35 medical departments and 10 multidisciplinary specialist areas <\\\/li>\\n  \n\n<li>Latest clinical advances and technology:\n\n<ul>\\n  \\n  \n\n<li>Most advanced Proton Therapy Unit in Europe.<\\\/li>\\n  \n\n<li>&ldquo;CT SOMATOM  DRIVE&quot;, one of the fastest CTs in the medical field.<\\\/li>\\n  \n\n<li>PET-CT high image resolution, early detection and minimum  radiation.<\\\/li>\\n  \n\n<li>Surgery unit with 2 hybrid operating theatres for maximum  large-field intraoperative precision (unique in Europe)<\\\/li>\\n  \n\n<li>3 linear accelerators for maximum precision radiotherapy and  fewer sessions<\\\/li>\\n  \n\n<li>3 magnetic resonance units, 2 of which are 3 Tesla.<\\\/li>\\n  \n\n<li>Da Vinci Robotic Surgery for greater surgical precision, a  minimally invasive procedure and elimination of the surgeon's natural hand  tremor.<\\\/li>\\n  \n\n<li>ELECTROPHYSIOLOGY LABORATORY with advanced imaging and  navigation systems for the more complex cardiac procedures.<\\\/li>\\n  \n\n<li>Non-invasive high-intensity focused ultrasound (HIFU) captures  the heat of thousands of ultrasound beams and concentrates it on a target.<\\\/li>\\n  \n\n<li>PET GMP Laboratory with the possibility of synthesizing 18  different radiopharmaceuticals.<\\\/li>\\n  \n\n<li>High-definition SPECT-CT and PET-CT units<\\\/li>\\n  \n\n<li>Haemodynamics and electrophysiology rooms<\\\/li>\\n  \n\n<li>2 radiological intervention rooms<\\\/li>\\n  \n\n<li>Polysomnographic laboratory and video EEG monitoring<\\\/li>\\n  \n\n<li>CIMA LAB laboratory - genetic studies<\\\/li>\\n  \n\n<li>Preventive medicine: fast-track, complete and comprehensive check-ups<\\\/li>\\n  \n\n<li>Minimally invasive surgery with NOTES (Natural Orifice  Transluminal Endoscopy Surgery<\\\/li>\\n  \n\n<li>Complete radiotherapy treatment: therapy with Yttrium-90  microspheres, radiosurgery, IMRT, Brachytherapy.<\\\/li>\\n  \n\n<li>Integrated view of obesity. Bariatric and metabolic surgeries<\\\/li>\\n  \n\n<li>Immunotherapy for tumours and infectious diseases<\\\/li>\\n  \n\n<li>Innovation in medical devices: hypoglossal nerve implants for  the treatment of OSAS, cochlear implants and deep brain stimulation treatments.<\\\/li>\\n  \n\n<li>Genetic and molecular biology in diagnostics and individual  treatments of brain tumours and other serious illnesses<\\\/li>\\n  \n\n<li>Kidney and liver transplants from living donors<\\\/li>\\n  \n\n<li>Bone marrow transplants<\\\/li>\\n  \n\n<li>Gene and cell therapy<\\\/li><\\\/ul><\\\/li>\\n  \n\n<li>Accreditation by the Joint Commission International since 2004  (February 2017 - fifth time in succession). (score of 9.8 out of 10 points in  1305 items measured)<\\\/li>\\n  \n\n<li>Accreditation by the Joint Commission International - standards  for University Hospitals, since 2014. (23 centre accredited in the world, the  only centre in Spain).<\\\/li>\\n  \n\n<li>&quot;Best in Class&quot; award - the Spanish private hospital  with the best reputation (Third consecutive year &ndash; 2014,2015,2016). Healthcare  Reputation Monitor of Spain (MERCO)<\\\/li>\\n  \n\n<li>Centre of European Excellency for the treatment of obesity EASO  (The European Association for the Study of Obesity)<\\\/li>\\n  \n\n<li>Centre of European Excellency for the surgery of obesity. IFSO.  International Federation for the Surgery of Obesity and Metabolic Disorders<\\\/li>\\n  \n\n<li>Centre of excellence for the integration of palliative care and  oncology treatment ESMO European Society for Medical Oncology<\\\/li>\\n  \n\n<li>The No. 1 Private Hospital in Spain for 12 medical specialties<\\\/li>\\n<\\\/ul>\\n<\\\/p>\\n\\n\"}}]}]}]}],\"version\":\"2.5.10\"} --><\/p>\n","protected":false},"excerpt":{"rendered":"<p>Cl\u00ednica Universidad de Navarra ADDRESS: Av. P\u00edo XII 36, 31008 (Pamplona) PHONE: (+34) 948 255 400 | (+34) 948 296 500 WEBSITE: www.cun.es EMAIL PATIENT ASSISTANCE CENTRE: atpacientecun@unav.es EMAIL MARKETING DEPARTMENT (Mr. Alonso Gil Casares): agilcasares@unav.es The Cl&iacute;nica Universidad de Navarra&nbsp;is a medical-hospital centre with a history dating back more than 50 years. It is [&hellip;]<\/p>\n","protected":false},"author":1,"featured_media":0,"parent":0,"menu_order":0,"comment_status":"closed","ping_status":"closed","template":"","meta":{"_acf_changed":false,"footnotes":""},"class_list":["post-1847","page","type-page","status-publish","hentry"],"acf":[],"yoast_head":"<!-- This site is optimized with the Yoast SEO plugin v26.8 - https:\/\/yoast.com\/product\/yoast-seo-wordpress\/ -->\n<title>Cl\u00ednica Universidad de Navarra - Navarra Healht Tourism<\/title>\n<meta name=\"robots\" content=\"index, follow, max-snippet:-1, max-image-preview:large, max-video-preview:-1\" \/>\n<link rel=\"canonical\" href=\"https:\/\/navarrahealthtourism.com\/en\/clinica-universidad-de-navarra\/\" \/>\n<meta property=\"og:locale\" content=\"en_US\" \/>\n<meta property=\"og:type\" content=\"article\" \/>\n<meta property=\"og:title\" content=\"Cl\u00ednica Universidad de Navarra - Navarra Healht Tourism\" \/>\n<meta property=\"og:description\" content=\"Cl\u00ednica Universidad de Navarra ADDRESS: Av. P\u00edo XII 36, 31008 (Pamplona) PHONE: (+34) 948 255 400 | (+34) 948 296 500 WEBSITE: www.cun.es EMAIL PATIENT ASSISTANCE CENTRE: atpacientecun@unav.es EMAIL MARKETING DEPARTMENT (Mr. Alonso Gil Casares): agilcasares@unav.es The Cl&iacute;nica Universidad de Navarra&nbsp;is a medical-hospital centre with a history dating back more than 50 years. It is [&hellip;]\" \/>\n<meta property=\"og:url\" content=\"https:\/\/navarrahealthtourism.com\/en\/clinica-universidad-de-navarra\/\" \/>\n<meta property=\"og:site_name\" content=\"Navarra Healht Tourism\" \/>\n<meta property=\"article:modified_time\" content=\"2021-12-21T07:03:42+00:00\" \/>\n<meta property=\"og:image\" content=\"https:\/\/navarrahealthtourism.com\/wp-content\/uploads\/cun1.jpg\" \/>\n<meta name=\"twitter:card\" content=\"summary_large_image\" \/>\n<meta name=\"twitter:label1\" content=\"Est. reading time\" \/>\n\t<meta name=\"twitter:data1\" content=\"3 minutes\" \/>\n<script type=\"application\/ld+json\" class=\"yoast-schema-graph\">{\"@context\":\"https:\/\/schema.org\",\"@graph\":[{\"@type\":\"WebPage\",\"@id\":\"https:\/\/navarrahealthtourism.com\/en\/clinica-universidad-de-navarra\/\",\"url\":\"https:\/\/navarrahealthtourism.com\/en\/clinica-universidad-de-navarra\/\",\"name\":\"Cl\u00ednica Universidad de Navarra - Navarra Healht Tourism\",\"isPartOf\":{\"@id\":\"https:\/\/navarrahealthtourism.com\/en\/#website\"},\"datePublished\":\"2021-09-20T14:54:51+00:00\",\"dateModified\":\"2021-12-21T07:03:42+00:00\",\"breadcrumb\":{\"@id\":\"https:\/\/navarrahealthtourism.com\/en\/clinica-universidad-de-navarra\/#breadcrumb\"},\"inLanguage\":\"en-US\",\"potentialAction\":[{\"@type\":\"ReadAction\",\"target\":[\"https:\/\/navarrahealthtourism.com\/en\/clinica-universidad-de-navarra\/\"]}]},{\"@type\":\"BreadcrumbList\",\"@id\":\"https:\/\/navarrahealthtourism.com\/en\/clinica-universidad-de-navarra\/#breadcrumb\",\"itemListElement\":[{\"@type\":\"ListItem\",\"position\":1,\"name\":\"Portada\",\"item\":\"https:\/\/navarrahealthtourism.com\/en\/\"},{\"@type\":\"ListItem\",\"position\":2,\"name\":\"Cl\u00ednica Universidad de Navarra\"}]},{\"@type\":\"WebSite\",\"@id\":\"https:\/\/navarrahealthtourism.com\/en\/#website\",\"url\":\"https:\/\/navarrahealthtourism.com\/en\/\",\"name\":\"Navarra Healht Tourism\",\"description\":\"Turismo de Salud en Navarra\",\"potentialAction\":[{\"@type\":\"SearchAction\",\"target\":{\"@type\":\"EntryPoint\",\"urlTemplate\":\"https:\/\/navarrahealthtourism.com\/en\/?s={search_term_string}\"},\"query-input\":{\"@type\":\"PropertyValueSpecification\",\"valueRequired\":true,\"valueName\":\"search_term_string\"}}],\"inLanguage\":\"en-US\"}]}<\/script>\n<!-- \/ Yoast SEO plugin. -->","yoast_head_json":{"title":"Cl\u00ednica Universidad de Navarra - Navarra Healht Tourism","robots":{"index":"index","follow":"follow","max-snippet":"max-snippet:-1","max-image-preview":"max-image-preview:large","max-video-preview":"max-video-preview:-1"},"canonical":"https:\/\/navarrahealthtourism.com\/en\/clinica-universidad-de-navarra\/","og_locale":"en_US","og_type":"article","og_title":"Cl\u00ednica Universidad de Navarra - Navarra Healht Tourism","og_description":"Cl\u00ednica Universidad de Navarra ADDRESS: Av. P\u00edo XII 36, 31008 (Pamplona) PHONE: (+34) 948 255 400 | (+34) 948 296 500 WEBSITE: www.cun.es EMAIL PATIENT ASSISTANCE CENTRE: atpacientecun@unav.es EMAIL MARKETING DEPARTMENT (Mr. Alonso Gil Casares): agilcasares@unav.es The Cl&iacute;nica Universidad de Navarra&nbsp;is a medical-hospital centre with a history dating back more than 50 years. It is [&hellip;]","og_url":"https:\/\/navarrahealthtourism.com\/en\/clinica-universidad-de-navarra\/","og_site_name":"Navarra Healht Tourism","article_modified_time":"2021-12-21T07:03:42+00:00","og_image":[{"url":"https:\/\/navarrahealthtourism.com\/wp-content\/uploads\/cun1.jpg","type":"","width":"","height":""}],"twitter_card":"summary_large_image","twitter_misc":{"Est. reading time":"3 minutes"},"schema":{"@context":"https:\/\/schema.org","@graph":[{"@type":"WebPage","@id":"https:\/\/navarrahealthtourism.com\/en\/clinica-universidad-de-navarra\/","url":"https:\/\/navarrahealthtourism.com\/en\/clinica-universidad-de-navarra\/","name":"Cl\u00ednica Universidad de Navarra - Navarra Healht Tourism","isPartOf":{"@id":"https:\/\/navarrahealthtourism.com\/en\/#website"},"datePublished":"2021-09-20T14:54:51+00:00","dateModified":"2021-12-21T07:03:42+00:00","breadcrumb":{"@id":"https:\/\/navarrahealthtourism.com\/en\/clinica-universidad-de-navarra\/#breadcrumb"},"inLanguage":"en-US","potentialAction":[{"@type":"ReadAction","target":["https:\/\/navarrahealthtourism.com\/en\/clinica-universidad-de-navarra\/"]}]},{"@type":"BreadcrumbList","@id":"https:\/\/navarrahealthtourism.com\/en\/clinica-universidad-de-navarra\/#breadcrumb","itemListElement":[{"@type":"ListItem","position":1,"name":"Portada","item":"https:\/\/navarrahealthtourism.com\/en\/"},{"@type":"ListItem","position":2,"name":"Cl\u00ednica Universidad de Navarra"}]},{"@type":"WebSite","@id":"https:\/\/navarrahealthtourism.com\/en\/#website","url":"https:\/\/navarrahealthtourism.com\/en\/","name":"Navarra Healht Tourism","description":"Turismo de Salud en Navarra","potentialAction":[{"@type":"SearchAction","target":{"@type":"EntryPoint","urlTemplate":"https:\/\/navarrahealthtourism.com\/en\/?s={search_term_string}"},"query-input":{"@type":"PropertyValueSpecification","valueRequired":true,"valueName":"search_term_string"}}],"inLanguage":"en-US"}]}},"_links":{"self":[{"href":"https:\/\/navarrahealthtourism.com\/en\/wp-json\/wp\/v2\/pages\/1847","targetHints":{"allow":["GET"]}}],"collection":[{"href":"https:\/\/navarrahealthtourism.com\/en\/wp-json\/wp\/v2\/pages"}],"about":[{"href":"https:\/\/navarrahealthtourism.com\/en\/wp-json\/wp\/v2\/types\/page"}],"author":[{"embeddable":true,"href":"https:\/\/navarrahealthtourism.com\/en\/wp-json\/wp\/v2\/users\/1"}],"replies":[{"embeddable":true,"href":"https:\/\/navarrahealthtourism.com\/en\/wp-json\/wp\/v2\/comments?post=1847"}],"version-history":[{"count":1,"href":"https:\/\/navarrahealthtourism.com\/en\/wp-json\/wp\/v2\/pages\/1847\/revisions"}],"predecessor-version":[{"id":1848,"href":"https:\/\/navarrahealthtourism.com\/en\/wp-json\/wp\/v2\/pages\/1847\/revisions\/1848"}],"wp:attachment":[{"href":"https:\/\/navarrahealthtourism.com\/en\/wp-json\/wp\/v2\/media?parent=1847"}],"curies":[{"name":"wp","href":"https:\/\/api.w.org\/{rel}","templated":true}]}}