{"id":1872,"date":"2021-09-21T07:08:39","date_gmt":"2021-09-21T07:08:39","guid":{"rendered":"https:\/\/navarrahealthtourism.com\/asociacion-de-hosteleria-y-turismo-de-navarra\/"},"modified":"2021-12-21T08:10:28","modified_gmt":"2021-12-21T08:10:28","slug":"asociacion-de-hosteleria-y-turismo-de-navarra","status":"publish","type":"page","link":"https:\/\/navarrahealthtourism.com\/en\/asociacion-de-hosteleria-y-turismo-de-navarra\/","title":{"rendered":"Asociaci\u00f3n de Hosteler\u00eda y Turismo de Navarra"},"content":{"rendered":"<p><img decoding=\"async\" src=\"\/wp-content\/uploads\/aehn_seccion.jpg\" alt=\"\"><\/p>\n<h1>Asociaci\u00f3n de Hosteler\u00eda y Turismo de Navarra<\/h1>\n<div>\n<div class=\"contacto\">\n<strong>ADDRESS<\/strong>: c\/ Pedro I, n\u00ba 1, 1\u00ba, 31008 (Pamplona)<br \/>\n    <strong>PHONE<\/strong>: <a href=\"tel:+34948268412\">(+34) 948 268 412<\/a><br \/>\n    <strong>WEBSITE<\/strong>: <a target=\"AEHN web oficial\" href=\"https:\/\/www.hostelerianavarra.com\">www.hostelerianavarra.com<\/a><br \/>\n<strong>EMAIL<\/strong>: <a href=\"mailto:acogida@visitnavarra.info\">acogida@visitnavarra.info<\/a><\/div>\n<p>The Asociaci\u00f3n de Hosteler\u00eda y Turismo de Navarra (Association of Hospitality &#038; Tourism of Navarra) is a leading organisation in its sector, representing more than 600 companies in Navarra (bars, restaurants, hotels, apartments, campsites, etc.) With a track record of more than 40 years at the service of the hospitality sector in Navarra, the professionals of the Association are now specialising in offering specialist services for the sector and, in turn, in creating top quality products to promote responsible and productive tourism in our Autonomous Community.<\/p>\n<p>The Association is formed by  professionals from the fields of law, finance, business management and marketing, and covers a number of areas of work such as advisory services, accounting and marketing. The Association of Hospitality &#038; Tourism of Navarra is one of the founding members of the Medical\/Health Tourism project in Navarra, supporting the project with all the know-how obtained in the course of the its more than 40-year history.<\/p>\n<p><strong>SERVICES<\/strong><\/p>\n<ul>\n<li>Representation of the hospitality sector<\/li>\n<li>Administrative, civil, commercial, labour, fiscal, quality  system and food safety advisory services.<\/li>\n<li>Education &amp; Training<\/li>\n<li>Promotion: organisation of culinary events, publicity campaigns,  online booking centre, national and international fairs and events, and the  creation of tourism products.<\/li>\n<\/ul>\n<\/div>\n<p><!--more--><br \/>\n<!-- {\"name\":\"CENTRO\",\"type\":\"layout\",\"children\":[{\"type\":\"section\",\"props\":{\"style\":\"default\",\"width\":\"\",\"vertical_align\":\"middle\",\"title_position\":\"top-left\",\"title_rotation\":\"left\",\"title_breakpoint\":\"xl\",\"image_position\":\"center-center\",\"padding_remove_top\":false,\"padding\":\"none\"},\"children\":[{\"type\":\"row\",\"children\":[{\"type\":\"column\",\"props\":{\"image_position\":\"center-center\",\"media_overlay_gradient\":\"\"},\"children\":[{\"type\":\"image\",\"props\":{\"margin\":\"default\",\"image_svg_color\":\"emphasis\",\"image\":\"wp-content\\\/uploads\\\/aehn_seccion.jpg\"}}]}]}]},{\"type\":\"section\",\"props\":{\"style\":\"default\",\"width\":\"default\",\"vertical_align\":\"middle\",\"title_position\":\"top-left\",\"title_rotation\":\"left\",\"title_breakpoint\":\"xl\",\"image_position\":\"center-center\",\"padding\":\"small\",\"padding_remove_top\":false},\"children\":[{\"type\":\"row\",\"children\":[{\"type\":\"column\",\"props\":{\"image_position\":\"center-center\",\"media_overlay_gradient\":\"\"},\"children\":[{\"type\":\"headline\",\"props\":{\"title_element\":\"h1\",\"content\":\"Asociaci\\u00f3n de Hosteler\\u00eda y Turismo de Navarra\",\"title_color\":\"danger\"}},{\"type\":\"html\",\"props\":{\"content\":\"\n\n<div class=\\\"contacto\\\">\\n<strong>ADDRESS<\\\/strong>: c\\\/ Pedro I, n\\u00ba 1, 1\\u00ba, 31008 (Pamplona)<br \\\/>\\n    <strong>PHONE<\\\/strong>: <a href=\\\"tel:+34948268412\\\">(+34) 948 268 412<\\\/a><br \\\/>\\n    <strong>WEBSITE<\\\/strong>: <a target=\\\"AEHN web oficial\\\" href=\\\"https:\\\/\\\/www.hostelerianavarra.com\\\">www.hostelerianavarra.com<\\\/a><br \\\/>\\n<strong>EMAIL<\\\/strong>: <a href=\\\"mailto:acogida@visitnavarra.info\\\">acogida@visitnavarra.info<\\\/a><\\\/div>\\n\\n\n\n<p>The Asociaci\\u00f3n de Hosteler\\u00eda y Turismo de Navarra (Association of Hospitality & Tourism of Navarra) is a leading organisation in its sector, representing more than 600 companies in Navarra (bars, restaurants, hotels, apartments, campsites, etc.) With a track record of more than 40 years at the service of the hospitality sector in Navarra, the professionals of the Association are now specialising in offering specialist services for the sector and, in turn, in creating top quality products to promote responsible and productive tourism in our Autonomous Community.<\\\/p>\\n\n\n<p>The Association is formed by  professionals from the fields of law, finance, business management and marketing, and covers a number of areas of work such as advisory services, accounting and marketing. The Association of Hospitality & Tourism of Navarra is one of the founding members of the Medical\\\/Health Tourism project in Navarra, supporting the project with all the know-how obtained in the course of the its more than 40-year history.<\\\/p>\\n\\n\n\n<p><strong>SERVICES<\\\/strong><\\\/p>\\n\n\n<ul>\\n  \n\n<li>Representation of the hospitality sector<\\\/li>\\n  \n\n<li>Administrative, civil, commercial, labour, fiscal, quality  system and food safety advisory services.<\\\/li>\\n  \n\n<li>Education &amp; Training<\\\/li>\\n  \n\n<li>Promotion: organisation of culinary events, publicity campaigns,  online booking centre, national and international fairs and events, and the  creation of tourism products.<\\\/li>\\n<\\\/ul>\\n\"}}]}]}]}],\"version\":\"2.5.10\"} --><\/p>\n","protected":false},"excerpt":{"rendered":"<p>Asociaci\u00f3n de Hosteler\u00eda y Turismo de Navarra ADDRESS: c\/ Pedro I, n\u00ba 1, 1\u00ba, 31008 (Pamplona) PHONE: (+34) 948 268 412 WEBSITE: www.hostelerianavarra.com EMAIL: acogida@visitnavarra.info The Asociaci\u00f3n de Hosteler\u00eda y Turismo de Navarra (Association of Hospitality &#038; Tourism of Navarra) is a leading organisation in its sector, representing more than 600 companies in Navarra (bars, [&hellip;]<\/p>\n","protected":false},"author":1,"featured_media":0,"parent":0,"menu_order":0,"comment_status":"closed","ping_status":"closed","template":"","meta":{"_acf_changed":false,"footnotes":""},"class_list":["post-1872","page","type-page","status-publish","hentry"],"acf":[],"yoast_head":"<!-- This site is optimized with the Yoast SEO plugin v26.8 - https:\/\/yoast.com\/product\/yoast-seo-wordpress\/ -->\n<title>Asociaci\u00f3n de Hosteler\u00eda y Turismo de Navarra - Navarra Healht Tourism<\/title>\n<meta name=\"robots\" content=\"index, follow, max-snippet:-1, max-image-preview:large, max-video-preview:-1\" \/>\n<link rel=\"canonical\" href=\"https:\/\/navarrahealthtourism.com\/en\/asociacion-de-hosteleria-y-turismo-de-navarra\/\" \/>\n<meta property=\"og:locale\" content=\"en_US\" \/>\n<meta property=\"og:type\" content=\"article\" \/>\n<meta property=\"og:title\" content=\"Asociaci\u00f3n de Hosteler\u00eda y Turismo de Navarra - Navarra Healht Tourism\" \/>\n<meta property=\"og:description\" content=\"Asociaci\u00f3n de Hosteler\u00eda y Turismo de Navarra ADDRESS: c\/ Pedro I, n\u00ba 1, 1\u00ba, 31008 (Pamplona) PHONE: (+34) 948 268 412 WEBSITE: www.hostelerianavarra.com EMAIL: acogida@visitnavarra.info The Asociaci\u00f3n de Hosteler\u00eda y Turismo de Navarra (Association of Hospitality &#038; Tourism of Navarra) is a leading organisation in its sector, representing more than 600 companies in Navarra (bars, [&hellip;]\" \/>\n<meta property=\"og:url\" content=\"https:\/\/navarrahealthtourism.com\/en\/asociacion-de-hosteleria-y-turismo-de-navarra\/\" \/>\n<meta property=\"og:site_name\" content=\"Navarra Healht Tourism\" \/>\n<meta property=\"article:modified_time\" content=\"2021-12-21T08:10:28+00:00\" \/>\n<meta property=\"og:image\" content=\"https:\/\/navarrahealthtourism.com\/wp-content\/uploads\/aehn_seccion.jpg\" \/>\n<meta name=\"twitter:card\" content=\"summary_large_image\" \/>\n<meta name=\"twitter:label1\" content=\"Est. reading time\" \/>\n\t<meta name=\"twitter:data1\" content=\"1 minute\" \/>\n<script type=\"application\/ld+json\" class=\"yoast-schema-graph\">{\"@context\":\"https:\/\/schema.org\",\"@graph\":[{\"@type\":\"WebPage\",\"@id\":\"https:\/\/navarrahealthtourism.com\/en\/asociacion-de-hosteleria-y-turismo-de-navarra\/\",\"url\":\"https:\/\/navarrahealthtourism.com\/en\/asociacion-de-hosteleria-y-turismo-de-navarra\/\",\"name\":\"Asociaci\u00f3n de Hosteler\u00eda y Turismo de Navarra - Navarra Healht Tourism\",\"isPartOf\":{\"@id\":\"https:\/\/navarrahealthtourism.com\/en\/#website\"},\"datePublished\":\"2021-09-21T07:08:39+00:00\",\"dateModified\":\"2021-12-21T08:10:28+00:00\",\"breadcrumb\":{\"@id\":\"https:\/\/navarrahealthtourism.com\/en\/asociacion-de-hosteleria-y-turismo-de-navarra\/#breadcrumb\"},\"inLanguage\":\"en-US\",\"potentialAction\":[{\"@type\":\"ReadAction\",\"target\":[\"https:\/\/navarrahealthtourism.com\/en\/asociacion-de-hosteleria-y-turismo-de-navarra\/\"]}]},{\"@type\":\"BreadcrumbList\",\"@id\":\"https:\/\/navarrahealthtourism.com\/en\/asociacion-de-hosteleria-y-turismo-de-navarra\/#breadcrumb\",\"itemListElement\":[{\"@type\":\"ListItem\",\"position\":1,\"name\":\"Portada\",\"item\":\"https:\/\/navarrahealthtourism.com\/en\/\"},{\"@type\":\"ListItem\",\"position\":2,\"name\":\"Asociaci\u00f3n de Hosteler\u00eda y Turismo de Navarra\"}]},{\"@type\":\"WebSite\",\"@id\":\"https:\/\/navarrahealthtourism.com\/en\/#website\",\"url\":\"https:\/\/navarrahealthtourism.com\/en\/\",\"name\":\"Navarra Healht Tourism\",\"description\":\"Turismo de Salud en Navarra\",\"potentialAction\":[{\"@type\":\"SearchAction\",\"target\":{\"@type\":\"EntryPoint\",\"urlTemplate\":\"https:\/\/navarrahealthtourism.com\/en\/?s={search_term_string}\"},\"query-input\":{\"@type\":\"PropertyValueSpecification\",\"valueRequired\":true,\"valueName\":\"search_term_string\"}}],\"inLanguage\":\"en-US\"}]}<\/script>\n<!-- \/ Yoast SEO plugin. -->","yoast_head_json":{"title":"Asociaci\u00f3n de Hosteler\u00eda y Turismo de Navarra - Navarra Healht Tourism","robots":{"index":"index","follow":"follow","max-snippet":"max-snippet:-1","max-image-preview":"max-image-preview:large","max-video-preview":"max-video-preview:-1"},"canonical":"https:\/\/navarrahealthtourism.com\/en\/asociacion-de-hosteleria-y-turismo-de-navarra\/","og_locale":"en_US","og_type":"article","og_title":"Asociaci\u00f3n de Hosteler\u00eda y Turismo de Navarra - Navarra Healht Tourism","og_description":"Asociaci\u00f3n de Hosteler\u00eda y Turismo de Navarra ADDRESS: c\/ Pedro I, n\u00ba 1, 1\u00ba, 31008 (Pamplona) PHONE: (+34) 948 268 412 WEBSITE: www.hostelerianavarra.com EMAIL: acogida@visitnavarra.info The Asociaci\u00f3n de Hosteler\u00eda y Turismo de Navarra (Association of Hospitality &#038; Tourism of Navarra) is a leading organisation in its sector, representing more than 600 companies in Navarra (bars, [&hellip;]","og_url":"https:\/\/navarrahealthtourism.com\/en\/asociacion-de-hosteleria-y-turismo-de-navarra\/","og_site_name":"Navarra Healht Tourism","article_modified_time":"2021-12-21T08:10:28+00:00","og_image":[{"url":"https:\/\/navarrahealthtourism.com\/wp-content\/uploads\/aehn_seccion.jpg","type":"","width":"","height":""}],"twitter_card":"summary_large_image","twitter_misc":{"Est. reading time":"1 minute"},"schema":{"@context":"https:\/\/schema.org","@graph":[{"@type":"WebPage","@id":"https:\/\/navarrahealthtourism.com\/en\/asociacion-de-hosteleria-y-turismo-de-navarra\/","url":"https:\/\/navarrahealthtourism.com\/en\/asociacion-de-hosteleria-y-turismo-de-navarra\/","name":"Asociaci\u00f3n de Hosteler\u00eda y Turismo de Navarra - Navarra Healht Tourism","isPartOf":{"@id":"https:\/\/navarrahealthtourism.com\/en\/#website"},"datePublished":"2021-09-21T07:08:39+00:00","dateModified":"2021-12-21T08:10:28+00:00","breadcrumb":{"@id":"https:\/\/navarrahealthtourism.com\/en\/asociacion-de-hosteleria-y-turismo-de-navarra\/#breadcrumb"},"inLanguage":"en-US","potentialAction":[{"@type":"ReadAction","target":["https:\/\/navarrahealthtourism.com\/en\/asociacion-de-hosteleria-y-turismo-de-navarra\/"]}]},{"@type":"BreadcrumbList","@id":"https:\/\/navarrahealthtourism.com\/en\/asociacion-de-hosteleria-y-turismo-de-navarra\/#breadcrumb","itemListElement":[{"@type":"ListItem","position":1,"name":"Portada","item":"https:\/\/navarrahealthtourism.com\/en\/"},{"@type":"ListItem","position":2,"name":"Asociaci\u00f3n de Hosteler\u00eda y Turismo de Navarra"}]},{"@type":"WebSite","@id":"https:\/\/navarrahealthtourism.com\/en\/#website","url":"https:\/\/navarrahealthtourism.com\/en\/","name":"Navarra Healht Tourism","description":"Turismo de Salud en Navarra","potentialAction":[{"@type":"SearchAction","target":{"@type":"EntryPoint","urlTemplate":"https:\/\/navarrahealthtourism.com\/en\/?s={search_term_string}"},"query-input":{"@type":"PropertyValueSpecification","valueRequired":true,"valueName":"search_term_string"}}],"inLanguage":"en-US"}]}},"_links":{"self":[{"href":"https:\/\/navarrahealthtourism.com\/en\/wp-json\/wp\/v2\/pages\/1872","targetHints":{"allow":["GET"]}}],"collection":[{"href":"https:\/\/navarrahealthtourism.com\/en\/wp-json\/wp\/v2\/pages"}],"about":[{"href":"https:\/\/navarrahealthtourism.com\/en\/wp-json\/wp\/v2\/types\/page"}],"author":[{"embeddable":true,"href":"https:\/\/navarrahealthtourism.com\/en\/wp-json\/wp\/v2\/users\/1"}],"replies":[{"embeddable":true,"href":"https:\/\/navarrahealthtourism.com\/en\/wp-json\/wp\/v2\/comments?post=1872"}],"version-history":[{"count":2,"href":"https:\/\/navarrahealthtourism.com\/en\/wp-json\/wp\/v2\/pages\/1872\/revisions"}],"predecessor-version":[{"id":1874,"href":"https:\/\/navarrahealthtourism.com\/en\/wp-json\/wp\/v2\/pages\/1872\/revisions\/1874"}],"wp:attachment":[{"href":"https:\/\/navarrahealthtourism.com\/en\/wp-json\/wp\/v2\/media?parent=1872"}],"curies":[{"name":"wp","href":"https:\/\/api.w.org\/{rel}","templated":true}]}}