{"id":1876,"date":"2021-09-21T07:10:06","date_gmt":"2021-09-21T07:10:06","guid":{"rendered":"https:\/\/navarrahealthtourism.com\/hoteles-pamplona\/"},"modified":"2023-01-24T23:17:56","modified_gmt":"2023-01-24T23:17:56","slug":"hoteles-pamplona","status":"publish","type":"page","link":"https:\/\/navarrahealthtourism.com\/en\/hoteles-pamplona\/","title":{"rendered":"Hoteles Pamplona"},"content":{"rendered":"<p><img decoding=\"async\" src=\"\/wp-content\/uploads\/hp.jpg\" alt=\"\"><\/p>\n<h1>Hoteles Pamplona<\/h1>\n<div>\n<div class=\"contacto\">\n<strong>DIRECCI\u00d3N<\/strong>: c\/ Pedro I, n\u00ba 1, 1\u00ba, 31008 (Pamplona)<br \/>\n    <strong>TEL\u00c9FONO<\/strong>: <a href=\"tel:+34948268412\">(+34) 948 268 412<\/a><br \/>\n    <strong>WEB<\/strong>: <a target=\"CUN web oficial\" href=\"https:\/\/www.hotelespamplona.com\">www.hotelespamplona.com<\/a><br \/>\n<strong>MAIL<\/strong>: <a href=\"mailto:info@hotelespamplona.com\">info@hotelespamplona.com<\/a><\/div>\n<p>Pamplona cuenta con una amplia y excelente oferta de hoteles y apartamentos tur\u00edsticos, ya sea en el mismo centro de Pamplona, en la zona de las cl\u00ednicas y hospitales, o en su \u00e1rea metropolitana.<\/p>\n<p>Son 24 los hoteles que componen la Asociaci\u00f3n de Hoteles de Pamplona, una entidad que se esfuerza d\u00eda a d\u00eda en ofrecer alojamientos de calidad, con reconocidos ratios de satisfacci\u00f3n del cliente nacional y extranjero, as\u00ed como una sensibilidad especial con los pacientes m\u00e9dico-sanitarios que nos visitan durante todo el a\u00f1o.<\/p>\n<p>Puede hacer la reserva de su alojamiento a trav\u00e9s del <strong>SERVICIO DE ACOGIDA<\/strong>.<\/p>\n<p><strong>HOTELES DE PAMPLONA<\/strong><\/p>\n<p>\u2022\tGRAN HOTEL LA PERLA<br \/>\n\u2022\tALMA PAMPLONA<br \/>\n\u2022\tANDIA<br \/>\n\u2022\tCASTILLO DE GORRAIZ HOTEL &#038; SPA<br \/>\n\u2022\tTRES REYES<br \/>\n\u2022\tALBRET<br \/>\n\u2022\tBED4U PAMPLONA<br \/>\n\u2022\tBLANCA DE NAVARRA<br \/>\n\u2022\tSANCHO RAM\u00cdREZ<br \/>\n\u2022\tIRIGUIBEL<br \/>\n\u2022\tSERCOTEL LEYRE<br \/>\n\u2022\tDON CARLOS<br \/>\n\u2022\tA PAMPLONA<br \/>\n\u2022\tMAISONNAVE<br \/>\n\u2022\tPAMPLONA CATEDRAL<br \/>\n\u2022\tAGORRETA<br \/>\n\u2022\tAVENIDA<br \/>\n\u2022\tSERCOTEL EUROPA<br \/>\n\u2022\tVILLAVA<br \/>\n\u2022\tYOLDI<br \/>\n\u2022\tPAMPLONA PLAZA<br \/>\n\u2022\tCASTILLO DE JAVIER<br \/>\n\u2022\tPAMPLONA EL TORO HOTEL &#038; SPA<br \/>\n\u2022\tNH IRU\u00d1A PARK\n<\/p>\n<\/div>\n<p><!--more--><br \/>\n<!-- {\"name\":\"CENTRO\",\"type\":\"layout\",\"children\":[{\"type\":\"section\",\"props\":{\"style\":\"default\",\"width\":\"\",\"vertical_align\":\"middle\",\"title_position\":\"top-left\",\"title_rotation\":\"left\",\"title_breakpoint\":\"xl\",\"image_position\":\"center-center\",\"padding_remove_top\":false,\"padding\":\"none\"},\"children\":[{\"type\":\"row\",\"children\":[{\"type\":\"column\",\"props\":{\"image_position\":\"center-center\",\"media_overlay_gradient\":\"\"},\"children\":[{\"type\":\"image\",\"props\":{\"margin\":\"default\",\"image_svg_color\":\"emphasis\",\"image\":\"wp-content\\\/uploads\\\/hp.jpg\"}}]}]}]},{\"type\":\"section\",\"props\":{\"style\":\"default\",\"width\":\"default\",\"vertical_align\":\"middle\",\"title_position\":\"top-left\",\"title_rotation\":\"left\",\"title_breakpoint\":\"xl\",\"image_position\":\"center-center\",\"padding\":\"small\",\"padding_remove_top\":false},\"children\":[{\"type\":\"row\",\"children\":[{\"type\":\"column\",\"props\":{\"image_position\":\"center-center\",\"media_overlay_gradient\":\"\"},\"children\":[{\"type\":\"headline\",\"props\":{\"title_element\":\"h1\",\"content\":\"Hoteles Pamplona\",\"title_color\":\"danger\"}},{\"type\":\"html\",\"props\":{\"content\":\"\n\n<div class=\\\"contacto\\\">\\n<strong>DIRECCI\\u00d3N<\\\/strong>: c\\\/ Pedro I, n\\u00ba 1, 1\\u00ba, 31008 (Pamplona)<br \\\/>\\n    <strong>TEL\\u00c9FONO<\\\/strong>: <a href=\\\"tel:+34948268412\\\">(+34) 948 268 412<\\\/a><br \\\/>\\n    <strong>WEB<\\\/strong>: <a target=\\\"CUN web oficial\\\" href=\\\"https:\\\/\\\/www.hotelespamplona.com\\\">www.hotelespamplona.com<\\\/a><br \\\/>\\n<strong>MAIL<\\\/strong>: <a href=\\\"mailto:info@hotelespamplona.com\\\">info@hotelespamplona.com<\\\/a><\\\/div>\\n\\n\n\n<p>Pamplona cuenta con una amplia y excelente oferta de hoteles y apartamentos tur\\u00edsticos, ya sea en el mismo centro de Pamplona, en la zona de las cl\\u00ednicas y hospitales, o en su \\u00e1rea metropolitana.<\\\/p>\\n\n\n<p>Son 24 los hoteles que componen la Asociaci\\u00f3n de Hoteles de Pamplona, una entidad que se esfuerza d\\u00eda a d\\u00eda en ofrecer alojamientos de calidad, con reconocidos ratios de satisfacci\\u00f3n del cliente nacional y extranjero, as\\u00ed como una sensibilidad especial con los pacientes m\\u00e9dico-sanitarios que nos visitan durante todo el a\\u00f1o.<\\\/p>\\n\n\n<p>Puede hacer la reserva de su alojamiento a trav\\u00e9s del <strong>SERVICIO DE ACOGIDA<\\\/strong>.<\\\/p>\\n\\n\n\n<p><strong>HOTELES DE PAMPLONA<\\\/strong><\\\/p>\\n\\u2022\\tGRAN HOTEL LA PERLA<br \\\/>\\n\\u2022\\tALMA PAMPLONA<br \\\/>\\n\\u2022\\tANDIA<br \\\/>\\n\\u2022\\tCASTILLO DE GORRAIZ HOTEL & SPA<br \\\/>\\n\\u2022\\tTRES REYES<br \\\/>\\n\\u2022\\tALBRET<br \\\/>\\n\\u2022\\tBED4U PAMPLONA<br \\\/>\\n\\u2022\\tBLANCA DE NAVARRA<br \\\/>\\n\\u2022\\tSANCHO RAM\\u00cdREZ<br \\\/>\\n\\u2022\\tIRIGUIBEL<br \\\/>\\n\\u2022\\tSERCOTEL LEYRE<br \\\/>\\n\\u2022\\tDON CARLOS<br \\\/>\\n\\u2022\\tA PAMPLONA<br \\\/>\\n\\u2022\\tMAISONNAVE<br \\\/>\\n\\u2022\\tPAMPLONA CATEDRAL<br \\\/>\\n\\u2022\\tAGORRETA<br \\\/>\\n\\u2022\\tAVENIDA<br \\\/>\\n\\u2022\\tSERCOTEL EUROPA<br \\\/>\\n\\u2022\\tVILLAVA<br \\\/>\\n\\u2022\\tYOLDI<br \\\/>\\n\\u2022\\tPAMPLONA PLAZA<br \\\/>\\n\\u2022\\tCASTILLO DE JAVIER<br \\\/>\\n\\u2022\\tPAMPLONA EL TORO HOTEL & SPA<br \\\/>\\n\\u2022\\tNH IRU\\u00d1A PARK<br \\\/>\\n<\\\/p>\\n\\n\"}}]}]}]}],\"version\":\"2.5.10\"} --><\/p>\n","protected":false},"excerpt":{"rendered":"<p>Hoteles Pamplona DIRECCI\u00d3N: c\/ Pedro I, n\u00ba 1, 1\u00ba, 31008 (Pamplona) TEL\u00c9FONO: (+34) 948 268 412 WEB: www.hotelespamplona.com MAIL: info@hotelespamplona.com Pamplona cuenta con una amplia y excelente oferta de hoteles y apartamentos tur\u00edsticos, ya sea en el mismo centro de Pamplona, en la zona de las cl\u00ednicas y hospitales, o en su \u00e1rea metropolitana. Son [&hellip;]<\/p>\n","protected":false},"author":1,"featured_media":0,"parent":0,"menu_order":0,"comment_status":"closed","ping_status":"closed","template":"","meta":{"_acf_changed":false,"footnotes":""},"class_list":["post-1876","page","type-page","status-publish","hentry"],"acf":[],"yoast_head":"<!-- This site is optimized with the Yoast SEO plugin v26.8 - https:\/\/yoast.com\/product\/yoast-seo-wordpress\/ -->\n<title>Hotels Pamplona - Navarra Healht Tourism<\/title>\n<meta name=\"description\" content=\"Pamplona con una amplia y excelente oferta de hoteles y aptos tur\u00edsticos, en el centro, en zona de cl\u00ednicas, hospitales y \u00e1rea metropolitana\" \/>\n<meta name=\"robots\" content=\"index, follow, max-snippet:-1, max-image-preview:large, max-video-preview:-1\" \/>\n<link rel=\"canonical\" href=\"https:\/\/navarrahealthtourism.com\/en\/hoteles-pamplona\/\" \/>\n<meta property=\"og:locale\" content=\"en_US\" \/>\n<meta property=\"og:type\" content=\"article\" \/>\n<meta property=\"og:title\" content=\"Hotels Pamplona - Navarra Healht Tourism\" \/>\n<meta property=\"og:description\" content=\"Pamplona con una amplia y excelente oferta de hoteles y aptos tur\u00edsticos, en el centro, en zona de cl\u00ednicas, hospitales y \u00e1rea metropolitana\" \/>\n<meta property=\"og:url\" content=\"https:\/\/navarrahealthtourism.com\/en\/hoteles-pamplona\/\" \/>\n<meta property=\"og:site_name\" content=\"Navarra Healht Tourism\" \/>\n<meta property=\"article:modified_time\" content=\"2023-01-24T23:17:56+00:00\" \/>\n<meta property=\"og:image\" content=\"https:\/\/navarrahealthtourism.com\/wp-content\/uploads\/hp.jpg\" \/>\n<meta name=\"twitter:card\" content=\"summary_large_image\" \/>\n<meta name=\"twitter:label1\" content=\"Est. reading time\" \/>\n\t<meta name=\"twitter:data1\" content=\"1 minute\" \/>\n<script type=\"application\/ld+json\" class=\"yoast-schema-graph\">{\"@context\":\"https:\/\/schema.org\",\"@graph\":[{\"@type\":\"WebPage\",\"@id\":\"https:\/\/navarrahealthtourism.com\/en\/hoteles-pamplona\/\",\"url\":\"https:\/\/navarrahealthtourism.com\/en\/hoteles-pamplona\/\",\"name\":\"Hotels Pamplona - Navarra Healht Tourism\",\"isPartOf\":{\"@id\":\"https:\/\/navarrahealthtourism.com\/en\/#website\"},\"datePublished\":\"2021-09-21T07:10:06+00:00\",\"dateModified\":\"2023-01-24T23:17:56+00:00\",\"description\":\"Pamplona con una amplia y excelente oferta de hoteles y aptos tur\u00edsticos, en el centro, en zona de cl\u00ednicas, hospitales y \u00e1rea metropolitana\",\"breadcrumb\":{\"@id\":\"https:\/\/navarrahealthtourism.com\/en\/hoteles-pamplona\/#breadcrumb\"},\"inLanguage\":\"en-US\",\"potentialAction\":[{\"@type\":\"ReadAction\",\"target\":[\"https:\/\/navarrahealthtourism.com\/en\/hoteles-pamplona\/\"]}]},{\"@type\":\"BreadcrumbList\",\"@id\":\"https:\/\/navarrahealthtourism.com\/en\/hoteles-pamplona\/#breadcrumb\",\"itemListElement\":[{\"@type\":\"ListItem\",\"position\":1,\"name\":\"Portada\",\"item\":\"https:\/\/navarrahealthtourism.com\/en\/\"},{\"@type\":\"ListItem\",\"position\":2,\"name\":\"Hoteles Pamplona\"}]},{\"@type\":\"WebSite\",\"@id\":\"https:\/\/navarrahealthtourism.com\/en\/#website\",\"url\":\"https:\/\/navarrahealthtourism.com\/en\/\",\"name\":\"Navarra Healht Tourism\",\"description\":\"Turismo de Salud en Navarra\",\"potentialAction\":[{\"@type\":\"SearchAction\",\"target\":{\"@type\":\"EntryPoint\",\"urlTemplate\":\"https:\/\/navarrahealthtourism.com\/en\/?s={search_term_string}\"},\"query-input\":{\"@type\":\"PropertyValueSpecification\",\"valueRequired\":true,\"valueName\":\"search_term_string\"}}],\"inLanguage\":\"en-US\"}]}<\/script>\n<!-- \/ Yoast SEO plugin. -->","yoast_head_json":{"title":"Hotels Pamplona - Navarra Healht Tourism","description":"Pamplona con una amplia y excelente oferta de hoteles y aptos tur\u00edsticos, en el centro, en zona de cl\u00ednicas, hospitales y \u00e1rea metropolitana","robots":{"index":"index","follow":"follow","max-snippet":"max-snippet:-1","max-image-preview":"max-image-preview:large","max-video-preview":"max-video-preview:-1"},"canonical":"https:\/\/navarrahealthtourism.com\/en\/hoteles-pamplona\/","og_locale":"en_US","og_type":"article","og_title":"Hotels Pamplona - Navarra Healht Tourism","og_description":"Pamplona con una amplia y excelente oferta de hoteles y aptos tur\u00edsticos, en el centro, en zona de cl\u00ednicas, hospitales y \u00e1rea metropolitana","og_url":"https:\/\/navarrahealthtourism.com\/en\/hoteles-pamplona\/","og_site_name":"Navarra Healht Tourism","article_modified_time":"2023-01-24T23:17:56+00:00","og_image":[{"url":"https:\/\/navarrahealthtourism.com\/wp-content\/uploads\/hp.jpg","type":"","width":"","height":""}],"twitter_card":"summary_large_image","twitter_misc":{"Est. reading time":"1 minute"},"schema":{"@context":"https:\/\/schema.org","@graph":[{"@type":"WebPage","@id":"https:\/\/navarrahealthtourism.com\/en\/hoteles-pamplona\/","url":"https:\/\/navarrahealthtourism.com\/en\/hoteles-pamplona\/","name":"Hotels Pamplona - Navarra Healht Tourism","isPartOf":{"@id":"https:\/\/navarrahealthtourism.com\/en\/#website"},"datePublished":"2021-09-21T07:10:06+00:00","dateModified":"2023-01-24T23:17:56+00:00","description":"Pamplona con una amplia y excelente oferta de hoteles y aptos tur\u00edsticos, en el centro, en zona de cl\u00ednicas, hospitales y \u00e1rea metropolitana","breadcrumb":{"@id":"https:\/\/navarrahealthtourism.com\/en\/hoteles-pamplona\/#breadcrumb"},"inLanguage":"en-US","potentialAction":[{"@type":"ReadAction","target":["https:\/\/navarrahealthtourism.com\/en\/hoteles-pamplona\/"]}]},{"@type":"BreadcrumbList","@id":"https:\/\/navarrahealthtourism.com\/en\/hoteles-pamplona\/#breadcrumb","itemListElement":[{"@type":"ListItem","position":1,"name":"Portada","item":"https:\/\/navarrahealthtourism.com\/en\/"},{"@type":"ListItem","position":2,"name":"Hoteles Pamplona"}]},{"@type":"WebSite","@id":"https:\/\/navarrahealthtourism.com\/en\/#website","url":"https:\/\/navarrahealthtourism.com\/en\/","name":"Navarra Healht Tourism","description":"Turismo de Salud en Navarra","potentialAction":[{"@type":"SearchAction","target":{"@type":"EntryPoint","urlTemplate":"https:\/\/navarrahealthtourism.com\/en\/?s={search_term_string}"},"query-input":{"@type":"PropertyValueSpecification","valueRequired":true,"valueName":"search_term_string"}}],"inLanguage":"en-US"}]}},"_links":{"self":[{"href":"https:\/\/navarrahealthtourism.com\/en\/wp-json\/wp\/v2\/pages\/1876","targetHints":{"allow":["GET"]}}],"collection":[{"href":"https:\/\/navarrahealthtourism.com\/en\/wp-json\/wp\/v2\/pages"}],"about":[{"href":"https:\/\/navarrahealthtourism.com\/en\/wp-json\/wp\/v2\/types\/page"}],"author":[{"embeddable":true,"href":"https:\/\/navarrahealthtourism.com\/en\/wp-json\/wp\/v2\/users\/1"}],"replies":[{"embeddable":true,"href":"https:\/\/navarrahealthtourism.com\/en\/wp-json\/wp\/v2\/comments?post=1876"}],"version-history":[{"count":6,"href":"https:\/\/navarrahealthtourism.com\/en\/wp-json\/wp\/v2\/pages\/1876\/revisions"}],"predecessor-version":[{"id":2111,"href":"https:\/\/navarrahealthtourism.com\/en\/wp-json\/wp\/v2\/pages\/1876\/revisions\/2111"}],"wp:attachment":[{"href":"https:\/\/navarrahealthtourism.com\/en\/wp-json\/wp\/v2\/media?parent=1876"}],"curies":[{"name":"wp","href":"https:\/\/api.w.org\/{rel}","templated":true}]}}