{"id":1901,"date":"2022-02-15T09:14:48","date_gmt":"2022-02-15T09:14:48","guid":{"rendered":"https:\/\/navarrahealthtourism.com\/tratamientos-medicos-2021-navarra-catalogos\/"},"modified":"2023-01-24T23:02:09","modified_gmt":"2023-01-24T23:02:09","slug":"tratamientos-medicos-2021-navarra-catalogos","status":"publish","type":"page","link":"https:\/\/navarrahealthtourism.com\/en\/tratamientos-medicos-2021-navarra-catalogos\/","title":{"rendered":"Medical Treatments 2022 Navarra"},"content":{"rendered":"<div>\n<h1 style=\"text-align: center;\">MEDICAL TREATMENTS 2022 NAVARRA<\/h1>\n<h1 style=\"text-align: center;\">&#8211; BROCHURES &#8211;<\/h1>\n<\/p>\n<\/div>\n<hr>\n<p><a href=\"https:\/\/navarrahealthtourism.com\/wp-content\/uploads\/Catalogo_Tratamientos_Medicos_2022_cas.pdf\"><img decoding=\"async\" src=\"\/wp-content\/uploads\/cat.jpg\" alt=\"\"><\/a><br \/>\n<img decoding=\"async\" src=\"\/wp-content\/uploads\/bandera-espanola.jpg\" alt=\"\"><br \/>\n<a href=\"https:\/\/navarrahealthtourism.com\/wp-content\/uploads\/Catalogo_Tratamientos_Medicos_2022_eng.pdf\"><img decoding=\"async\" src=\"\/wp-content\/uploads\/eng.jpg\" alt=\"\"><\/a><br \/>\n<img decoding=\"async\" src=\"\/wp-content\/uploads\/bandera-inglesa.jpg\" alt=\"\"><br \/>\n<a href=\"https:\/\/navarrahealthtourism.com\/wp-content\/uploads\/TRAT_MEDICOS_RUSO_28_10_21.pdf\"><img decoding=\"async\" src=\"\/wp-content\/uploads\/portada-tratamiento-ruso.jpg\" alt=\"\"><\/a><br \/>\n<img decoding=\"async\" src=\"\/wp-content\/uploads\/bandera-rusa.jpg\" alt=\"\"><\/p>\n<p><!--more--><br \/>\n<!-- {\"type\":\"layout\",\"children\":[{\"type\":\"section\",\"props\":{\"style\":\"default\",\"width\":\"default\",\"vertical_align\":\"middle\",\"title_position\":\"top-left\",\"title_rotation\":\"left\",\"title_breakpoint\":\"xl\",\"image_position\":\"center-center\"},\"children\":[{\"type\":\"row\",\"children\":[{\"type\":\"column\",\"props\":{\"image_position\":\"center-center\",\"media_overlay_gradient\":\"\"},\"children\":[{\"type\":\"text\",\"props\":{\"margin\":\"default\",\"column_breakpoint\":\"m\",\"content\":\"\n\n<h1 style=\\\"text-align: center;\\\">MEDICAL TREATMENTS 2022 NAVARRA<\\\/h1>\\n\n\n<h1 style=\\\"text-align: center;\\\">- BROCHURES -<\\\/h1>\\n\n\n<p><\\\/p>\"}},{\"type\":\"divider\",\"props\":{\"divider_element\":\"hr\"}}]}]}]},{\"type\":\"section\",\"props\":{\"style\":\"default\",\"width\":\"default\",\"vertical_align\":\"middle\",\"title_position\":\"top-left\",\"title_rotation\":\"left\",\"title_breakpoint\":\"xl\",\"image_position\":\"center-center\"},\"children\":[{\"type\":\"row\",\"props\":{\"layout\":\"1-3,1-3,1-3\"},\"children\":[{\"type\":\"column\",\"props\":{\"image_position\":\"center-center\",\"media_overlay_gradient\":\"\",\"width_medium\":\"1-3\"},\"children\":[{\"type\":\"image\",\"props\":{\"margin\":\"default\",\"image_svg_color\":\"emphasis\",\"image\":\"wp-content\\\/uploads\\\/cat.jpg\",\"link\":\"https:\\\/\\\/navarrahealthtourism.com\\\/wp-content\\\/uploads\\\/Catalogo_Tratamientos_Medicos_2022_cas.pdf\",\"link_target\":\"blank\"}},{\"type\":\"image\",\"props\":{\"margin\":\"default\",\"image_svg_color\":\"emphasis\",\"image\":\"wp-content\\\/uploads\\\/bandera-espanola.jpg\",\"image_width\":\"75\",\"text_align\":\"center\"}}]},{\"type\":\"column\",\"props\":{\"image_position\":\"center-center\",\"media_overlay_gradient\":\"\",\"width_medium\":\"1-3\"},\"children\":[{\"type\":\"image\",\"props\":{\"margin\":\"default\",\"image_svg_color\":\"emphasis\",\"image\":\"wp-content\\\/uploads\\\/eng.jpg\",\"link\":\"https:\\\/\\\/navarrahealthtourism.com\\\/wp-content\\\/uploads\\\/Catalogo_Tratamientos_Medicos_2022_eng.pdf\"}},{\"type\":\"image\",\"props\":{\"margin\":\"default\",\"image_svg_color\":\"emphasis\",\"image\":\"wp-content\\\/uploads\\\/bandera-inglesa.jpg\",\"image_width\":\"75\",\"text_align\":\"center\"}}]},{\"type\":\"column\",\"props\":{\"image_position\":\"center-center\",\"media_overlay_gradient\":\"\",\"width_medium\":\"1-3\"},\"children\":[{\"type\":\"image\",\"props\":{\"margin\":\"default\",\"image_svg_color\":\"emphasis\",\"image\":\"wp-content\\\/uploads\\\/portada-tratamiento-ruso.jpg\",\"link\":\"https:\\\/\\\/navarrahealthtourism.com\\\/wp-content\\\/uploads\\\/TRAT_MEDICOS_RUSO_28_10_21.pdf\"}},{\"type\":\"image\",\"props\":{\"margin\":\"default\",\"image_svg_color\":\"emphasis\",\"image\":\"wp-content\\\/uploads\\\/bandera-rusa.jpg\",\"image_width\":\"75\",\"text_align\":\"center\"}}]}]}]}],\"version\":\"2.5.10\"} --><\/p>\n","protected":false},"excerpt":{"rendered":"<p>MEDICAL TREATMENTS 2022 NAVARRA &#8211; BROCHURES &#8211;<\/p>\n","protected":false},"author":1,"featured_media":0,"parent":0,"menu_order":0,"comment_status":"closed","ping_status":"closed","template":"","meta":{"_acf_changed":false,"footnotes":""},"class_list":["post-1901","page","type-page","status-publish","hentry"],"acf":[],"yoast_head":"<!-- This site is optimized with the Yoast SEO plugin v26.8 - https:\/\/yoast.com\/product\/yoast-seo-wordpress\/ -->\n<title>Cat\u00e1logos de los tratamientos M\u00e9dicos 2021 - Navarra Healht Tourism<\/title>\n<meta name=\"description\" content=\"Un chequeo m\u00e9dico es un examen integral e individualizado del estado de salud. Herramienta eficaz para la detecci\u00f3n precoz de enfermedades\" \/>\n<meta name=\"robots\" content=\"index, follow, max-snippet:-1, max-image-preview:large, max-video-preview:-1\" \/>\n<link rel=\"canonical\" href=\"https:\/\/navarrahealthtourism.com\/en\/tratamientos-medicos-2021-navarra-catalogos\/\" \/>\n<meta property=\"og:locale\" content=\"en_US\" \/>\n<meta property=\"og:type\" content=\"article\" \/>\n<meta property=\"og:title\" content=\"Cat\u00e1logos de los tratamientos M\u00e9dicos 2021 - Navarra Healht Tourism\" \/>\n<meta property=\"og:description\" content=\"Un chequeo m\u00e9dico es un examen integral e individualizado del estado de salud. Herramienta eficaz para la detecci\u00f3n precoz de enfermedades\" \/>\n<meta property=\"og:url\" content=\"https:\/\/navarrahealthtourism.com\/en\/tratamientos-medicos-2021-navarra-catalogos\/\" \/>\n<meta property=\"og:site_name\" content=\"Navarra Healht Tourism\" \/>\n<meta property=\"article:modified_time\" content=\"2023-01-24T23:02:09+00:00\" \/>\n<meta property=\"og:image\" content=\"https:\/\/navarrahealthtourism.com\/wp-content\/uploads\/cat.jpg\" \/>\n<meta name=\"twitter:card\" content=\"summary_large_image\" \/>\n<script type=\"application\/ld+json\" class=\"yoast-schema-graph\">{\"@context\":\"https:\/\/schema.org\",\"@graph\":[{\"@type\":\"WebPage\",\"@id\":\"https:\/\/navarrahealthtourism.com\/en\/tratamientos-medicos-2021-navarra-catalogos\/\",\"url\":\"https:\/\/navarrahealthtourism.com\/en\/tratamientos-medicos-2021-navarra-catalogos\/\",\"name\":\"Cat\u00e1logos de los tratamientos M\u00e9dicos 2021 - Navarra Healht Tourism\",\"isPartOf\":{\"@id\":\"https:\/\/navarrahealthtourism.com\/en\/#website\"},\"datePublished\":\"2022-02-15T09:14:48+00:00\",\"dateModified\":\"2023-01-24T23:02:09+00:00\",\"description\":\"Un chequeo m\u00e9dico es un examen integral e individualizado del estado de salud. Herramienta eficaz para la detecci\u00f3n precoz de enfermedades\",\"breadcrumb\":{\"@id\":\"https:\/\/navarrahealthtourism.com\/en\/tratamientos-medicos-2021-navarra-catalogos\/#breadcrumb\"},\"inLanguage\":\"en-US\",\"potentialAction\":[{\"@type\":\"ReadAction\",\"target\":[\"https:\/\/navarrahealthtourism.com\/en\/tratamientos-medicos-2021-navarra-catalogos\/\"]}]},{\"@type\":\"BreadcrumbList\",\"@id\":\"https:\/\/navarrahealthtourism.com\/en\/tratamientos-medicos-2021-navarra-catalogos\/#breadcrumb\",\"itemListElement\":[{\"@type\":\"ListItem\",\"position\":1,\"name\":\"Portada\",\"item\":\"https:\/\/navarrahealthtourism.com\/en\/\"},{\"@type\":\"ListItem\",\"position\":2,\"name\":\"Medical Treatments 2022 Navarra\"}]},{\"@type\":\"WebSite\",\"@id\":\"https:\/\/navarrahealthtourism.com\/en\/#website\",\"url\":\"https:\/\/navarrahealthtourism.com\/en\/\",\"name\":\"Navarra Healht Tourism\",\"description\":\"Turismo de Salud en Navarra\",\"potentialAction\":[{\"@type\":\"SearchAction\",\"target\":{\"@type\":\"EntryPoint\",\"urlTemplate\":\"https:\/\/navarrahealthtourism.com\/en\/?s={search_term_string}\"},\"query-input\":{\"@type\":\"PropertyValueSpecification\",\"valueRequired\":true,\"valueName\":\"search_term_string\"}}],\"inLanguage\":\"en-US\"}]}<\/script>\n<!-- \/ Yoast SEO plugin. -->","yoast_head_json":{"title":"Cat\u00e1logos de los tratamientos M\u00e9dicos 2021 - Navarra Healht Tourism","description":"Un chequeo m\u00e9dico es un examen integral e individualizado del estado de salud. Herramienta eficaz para la detecci\u00f3n precoz de enfermedades","robots":{"index":"index","follow":"follow","max-snippet":"max-snippet:-1","max-image-preview":"max-image-preview:large","max-video-preview":"max-video-preview:-1"},"canonical":"https:\/\/navarrahealthtourism.com\/en\/tratamientos-medicos-2021-navarra-catalogos\/","og_locale":"en_US","og_type":"article","og_title":"Cat\u00e1logos de los tratamientos M\u00e9dicos 2021 - Navarra Healht Tourism","og_description":"Un chequeo m\u00e9dico es un examen integral e individualizado del estado de salud. Herramienta eficaz para la detecci\u00f3n precoz de enfermedades","og_url":"https:\/\/navarrahealthtourism.com\/en\/tratamientos-medicos-2021-navarra-catalogos\/","og_site_name":"Navarra Healht Tourism","article_modified_time":"2023-01-24T23:02:09+00:00","og_image":[{"url":"https:\/\/navarrahealthtourism.com\/wp-content\/uploads\/cat.jpg","type":"","width":"","height":""}],"twitter_card":"summary_large_image","schema":{"@context":"https:\/\/schema.org","@graph":[{"@type":"WebPage","@id":"https:\/\/navarrahealthtourism.com\/en\/tratamientos-medicos-2021-navarra-catalogos\/","url":"https:\/\/navarrahealthtourism.com\/en\/tratamientos-medicos-2021-navarra-catalogos\/","name":"Cat\u00e1logos de los tratamientos M\u00e9dicos 2021 - Navarra Healht Tourism","isPartOf":{"@id":"https:\/\/navarrahealthtourism.com\/en\/#website"},"datePublished":"2022-02-15T09:14:48+00:00","dateModified":"2023-01-24T23:02:09+00:00","description":"Un chequeo m\u00e9dico es un examen integral e individualizado del estado de salud. Herramienta eficaz para la detecci\u00f3n precoz de enfermedades","breadcrumb":{"@id":"https:\/\/navarrahealthtourism.com\/en\/tratamientos-medicos-2021-navarra-catalogos\/#breadcrumb"},"inLanguage":"en-US","potentialAction":[{"@type":"ReadAction","target":["https:\/\/navarrahealthtourism.com\/en\/tratamientos-medicos-2021-navarra-catalogos\/"]}]},{"@type":"BreadcrumbList","@id":"https:\/\/navarrahealthtourism.com\/en\/tratamientos-medicos-2021-navarra-catalogos\/#breadcrumb","itemListElement":[{"@type":"ListItem","position":1,"name":"Portada","item":"https:\/\/navarrahealthtourism.com\/en\/"},{"@type":"ListItem","position":2,"name":"Medical Treatments 2022 Navarra"}]},{"@type":"WebSite","@id":"https:\/\/navarrahealthtourism.com\/en\/#website","url":"https:\/\/navarrahealthtourism.com\/en\/","name":"Navarra Healht Tourism","description":"Turismo de Salud en Navarra","potentialAction":[{"@type":"SearchAction","target":{"@type":"EntryPoint","urlTemplate":"https:\/\/navarrahealthtourism.com\/en\/?s={search_term_string}"},"query-input":{"@type":"PropertyValueSpecification","valueRequired":true,"valueName":"search_term_string"}}],"inLanguage":"en-US"}]}},"_links":{"self":[{"href":"https:\/\/navarrahealthtourism.com\/en\/wp-json\/wp\/v2\/pages\/1901","targetHints":{"allow":["GET"]}}],"collection":[{"href":"https:\/\/navarrahealthtourism.com\/en\/wp-json\/wp\/v2\/pages"}],"about":[{"href":"https:\/\/navarrahealthtourism.com\/en\/wp-json\/wp\/v2\/types\/page"}],"author":[{"embeddable":true,"href":"https:\/\/navarrahealthtourism.com\/en\/wp-json\/wp\/v2\/users\/1"}],"replies":[{"embeddable":true,"href":"https:\/\/navarrahealthtourism.com\/en\/wp-json\/wp\/v2\/comments?post=1901"}],"version-history":[{"count":8,"href":"https:\/\/navarrahealthtourism.com\/en\/wp-json\/wp\/v2\/pages\/1901\/revisions"}],"predecessor-version":[{"id":2104,"href":"https:\/\/navarrahealthtourism.com\/en\/wp-json\/wp\/v2\/pages\/1901\/revisions\/2104"}],"wp:attachment":[{"href":"https:\/\/navarrahealthtourism.com\/en\/wp-json\/wp\/v2\/media?parent=1901"}],"curies":[{"name":"wp","href":"https:\/\/api.w.org\/{rel}","templated":true}]}}