{"id":1927,"date":"2021-10-26T10:55:05","date_gmt":"2021-10-26T10:55:05","guid":{"rendered":"https:\/\/navarrahealthtourism.com\/chequeo-de-salud-con-secuenciacion-del-genoma\/"},"modified":"2021-12-21T11:30:53","modified_gmt":"2021-12-21T11:30:53","slug":"chequeo-de-salud-con-secuenciacion-del-genoma","status":"publish","type":"page","link":"https:\/\/navarrahealthtourism.com\/en\/chequeo-de-salud-con-secuenciacion-del-genoma\/","title":{"rendered":"CUN | Chequeo de salud con secuenciaci\u00f3n del genoma"},"content":{"rendered":"<p><img decoding=\"async\" src=\"\/wp-content\/uploads\/1_Chequeo-Genomico.jpg\" alt=\"\"><\/p>\n<h1>\n<h2>MEDICAL CHECK-UPS<br \/>\nWITH GENOME SEQUENCING<br \/>\n<\/h2>\n<\/h1>\n<div>\n<p>A unique combination: genome sequencing and<br \/>\ninterpretation, together with greater precision with the best diagnostic technology.\n<\/p>\n<p>You will get information on your current sate of health as well as your predisposition to suffer from more than 650 diseases in the following categories:<\/p>\n<ul>\n<li>Cardiovascular diseases<\/li>\n<li>Cancer susceptibility<\/li>\n<li>Neurological disorders<\/li>\n<li>Coagulation disorders.<\/li>\n<li>Endocrine and metabolic disorders<\/li>\n<li>Immune system disorders<\/li>\n<li>Find out whether you are a carrier and could potentially<br \/>\n    pass  on some of these diseases to your children<\/li>\n<\/ul>\n<p><strong>Directed at:<\/strong><br \/>Patients who proactively care for their health,<br \/>\nwho have NO symptoms but wish to know their<br \/>\nhealth status and potential risk factors, early detection in order to start treatment or take preventive measures.\n<\/p>\n<\/div>\n<hr>\n<div>\n<h4>GENOME SEQUENCING                 \u00a0 \u00a0 \u00a0 \u00a0 \u00a0 &nbsp;&nbsp;&nbsp;&nbsp;&nbsp;&nbsp;&nbsp;&nbsp;&nbsp;&nbsp;&nbsp;&nbsp;Price  (\u20ac)<br \/>Genetic test + medical check-up<br \/>\n+ assessment + guidelines<br \/>\n+ monitoring<br \/>\n \u00a0 \u00a0 \u00a0 \u00a0 \u00a0 \u00a0 \u00a0 \u00a0 \u00a0 \u00a0 \u00a0 \u00a0 \u00a0 \u00a0 \u00a0 \u00a0 \u00a0 \u00a0 \u00a0 \u00a0 \u00a0 \u00a0 \u00a0 \u00a0 \u00a0 3.500 \u20ac<strong><br \/><\/strong><\/h4>\n<hr \/>\n<\/div>\n<div>\n<ul>\n<li>Blood sample for genome sequencing<\/li>\n<li>Whole body CT scan, full body screening and a consultation with  a specialist in Internal Medicine<\/li>\n<\/ul>\n<p>The price includes:<\/p>\n<ul>\n<li>Analysis of 566 genes with information on more than 650 diseases  of genetic origin<\/li>\n<li>More comprehensive analysis of cardiovascular diseases and the  risk of cancer<\/li>\n<li>Information on various multifactorial diseases<\/li>\n<li>Information on 225 genetically transmitted diseases<\/li>\n<li>Information on how your body reacts to more than 300 drugs based  on your genetics<\/li>\n<li>Information on more than 50 genetic traits related to diet,  muscle capacity, longevity, nutrition, performance, cardiovascular health,  metabolism and immune system.<\/li>\n<li>Encryption, anonymisation and high security storage of this  information<\/li>\n<li>Information on your ancestors<\/li>\n<\/ul>\n<blockquote>\n<p>In approximately 4 months, you will get the results, reports and recommendations to follow.<\/p>\n<\/blockquote>\n<pre><\/pre>\n<\/div>\n<div>\n<p><strong>DETAILS TO ORGANISE YOUR TRIP:<\/strong><\/p>\n<ul>\n<li>Complete check-up and tests in 24 hours<\/li>\n<li>Length of stay in Navarra: 2-4 days<\/li>\n<li>No need for rest<\/li>\n<\/ul>\n<pre>* All prices are subject to possible annual variations.<\/pre>\n<\/div>\n<hr>\n<table>\n<tbody>\n<tr>\n<td>\n<h4><strong>CL\u00cdNICA UNIVERSIDAD DE NAVARRA<\/strong><\/h4>\n<p><strong>ADDRESS<\/strong>: Av. P\u00edo XII 36, 31008 (Pamplona \u2013 Navarra)<br \/><strong>PHONE<\/strong>: (+34) 948 255 400<br \/><strong>WEBSITE<\/strong>:<span>\u00a0<\/span><a href=\"http:\/\/www.cun.es\/\" target=\"_blank\" rel=\"noopener\" class=\"customize-unpreviewable\">www.cun.es<img loading=\"lazy\" decoding=\"async\" src=\"https:\/\/navarrahealthtourism.com\/wp-content\/uploads\/\/Logo-Universidad-Navarra-300x137.jpg\" alt=\"\" width=\"136\" height=\"67\" class=\" wp-image-1459 alignright\" \/><\/a><br \/><strong>EMAIL<\/strong>:<span>\u00a0<\/span><a href=\"mailto:atpacientecun@unav.es\" target=\"_blank\" rel=\"noopener\">atpacientecun@unav.es<\/a><\/p>\n<\/td>\n<\/tr>\n<\/tbody>\n<\/table>\n<p><!--more--><br \/>\n<!-- {\"type\":\"layout\",\"children\":[{\"type\":\"section\",\"props\":{\"style\":\"default\",\"width\":\"default\",\"vertical_align\":\"middle\",\"title_position\":\"top-left\",\"title_rotation\":\"left\",\"title_breakpoint\":\"xl\",\"image_position\":\"center-center\"},\"children\":[{\"type\":\"row\",\"props\":{\"layout\":\"1-2,1-2\"},\"children\":[{\"type\":\"column\",\"props\":{\"image_position\":\"center-center\",\"media_overlay_gradient\":\"\",\"width_medium\":\"1-2\"},\"children\":[{\"type\":\"image\",\"props\":{\"margin\":\"default\",\"image_svg_color\":\"emphasis\",\"image\":\"wp-content\\\/uploads\\\/1_Chequeo-Genomico.jpg\"}},{\"type\":\"headline\",\"props\":{\"title_element\":\"h1\",\"content\":\"\n\n<h2>MEDICAL CHECK-UPS<br \/>\\nWITH GENOME SEQUENCING\\n<\\\/h2>\"}},{\"type\":\"text\",\"props\":{\"margin\":\"default\",\"column_breakpoint\":\"m\",\"content\":\"\n\n<p>A unique combination: genome sequencing and\\ninterpretation, together with greater precision with the best diagnostic technology.\\n<\\\/p>\\n\n\n<p>You will get information on your current sate of health as well as your predisposition to suffer from more than 650 diseases in the following categories:<\\\/p>\\n\n\n<ul>\\n  \n\n<li>Cardiovascular diseases<\\\/li>\\n  \n\n<li>Cancer susceptibility<\\\/li>\\n  \n\n<li>Neurological disorders<\\\/li>\\n  \n\n<li>Coagulation disorders.<\\\/li>\\n  \n\n<li>Endocrine and metabolic disorders<\\\/li>\\n  \n\n<li>Immune system disorders<\\\/li>\\n  \n\n<li>Find out whether you are a carrier and could potentially<br \\\/>\\n    pass  on some of these diseases to your children<\\\/li>\\n<\\\/ul>\\n\n\n<p><strong>Directed at:<\\\/strong><br \\\/>Patients who proactively care for their health,\\nwho have NO symptoms but wish to know their\\nhealth status and potential risk factors, early detection in order to start treatment or take preventive measures.\\n<\\\/p>\"}}]},{\"type\":\"column\",\"props\":{\"image_position\":\"center-center\",\"media_overlay_gradient\":\"\",\"width_medium\":\"1-2\"},\"children\":[{\"type\":\"divider\",\"props\":{\"divider_element\":\"hr\"}},{\"type\":\"text\",\"props\":{\"margin\":\"default\",\"column_breakpoint\":\"m\",\"content\":\"\n\n<h4>GENOME SEQUENCING                 \\u00a0 \\u00a0 \\u00a0 \\u00a0 \\u00a0 &nbsp;&nbsp;&nbsp;&nbsp;&nbsp;&nbsp;&nbsp;&nbsp;&nbsp;&nbsp;&nbsp;&nbsp;Price  (\\u20ac)<br \\\/>Genetic test + medical check-up<br \/>\\n+ assessment + guidelines<br \/>\\n+ monitoring                                                  \\n \\u00a0 \\u00a0 \\u00a0 \\u00a0 \\u00a0 \\u00a0 \\u00a0 \\u00a0 \\u00a0 \\u00a0 \\u00a0 \\u00a0 \\u00a0 \\u00a0 \\u00a0 \\u00a0 \\u00a0 \\u00a0 \\u00a0 \\u00a0 \\u00a0 \\u00a0 \\u00a0 \\u00a0 \\u00a0 3.500 \\u20ac<strong><br \\\/><\\\/strong><\\\/h4>\\n\n\n<hr \\\/>\\n\n\n<p><\\\/p>\"}},{\"type\":\"text\",\"props\":{\"margin\":\"default\",\"column_breakpoint\":\"m\",\"content\":\"\n\n<ul>\\n  \n\n<li>Blood sample for genome sequencing<\\\/li>\\n  \n\n<li>Whole body CT scan, full body screening and a consultation with  a specialist in Internal Medicine<\\\/li>\\n<\\\/ul>\\n\n\n<p>The price includes:<\\\/p>\\n\n\n<ul>\\n  \n\n<li>Analysis of 566 genes with information on more than 650 diseases  of genetic origin<\\\/li>\\n  \n\n<li>More comprehensive analysis of cardiovascular diseases and the  risk of cancer<\\\/li>\\n  \n\n<li>Information on various multifactorial diseases<\\\/li>\\n  \n\n<li>Information on 225 genetically transmitted diseases<\\\/li>\\n  \n\n<li>Information on how your body reacts to more than 300 drugs based  on your genetics<\\\/li>\\n  \n\n<li>Information on more than 50 genetic traits related to diet,  muscle capacity, longevity, nutrition, performance, cardiovascular health,  metabolism and immune system.<\\\/li>\\n  \n\n<li>Encryption, anonymisation and high security storage of this  information<\\\/li>\\n  \n\n<li>Information on your ancestors<\\\/li>\\n<\\\/ul>\\n\n\n<blockquote>\\n\n\n<p>In approximately 4 months, you will get the results, reports and recommendations to follow.<\\\/p>\\n<\\\/blockquote>\\n\n\n<pre><\\\/pre>\"}},{\"type\":\"text\",\"props\":{\"margin\":\"default\",\"column_breakpoint\":\"m\",\"content\":\"\n\n<p><strong>DETAILS TO ORGANISE YOUR TRIP:<\\\/strong><\\\/p>\\n\n\n<ul>\\n  \n\n<li>Complete check-up and tests in 24 hours<\\\/li>\\n  \n\n<li>Length of stay in Navarra: 2-4 days<\\\/li>\\n  \n\n<li>No need for rest<\\\/li>\\n<\\\/ul>\\n\n\n<pre>* All prices are subject to possible annual variations.<\\\/pre>\"}},{\"type\":\"divider\",\"props\":{\"divider_element\":\"hr\"}},{\"type\":\"table\",\"props\":{\"show_title\":true,\"show_meta\":true,\"show_content\":true,\"show_image\":true,\"show_link\":true,\"table_order\":\"1\",\"table_responsive\":\"overflow\",\"table_width_title\":\"shrink\",\"table_width_meta\":\"shrink\",\"meta_style\":\"meta\",\"image_svg_color\":\"emphasis\",\"link_text\":\"Read more\",\"link_style\":\"default\",\"table_style\":\"striped\"},\"children\":[{\"type\":\"table_item\",\"props\":{\"content\":\"\n\n<h4><strong>CL\\u00cdNICA UNIVERSIDAD DE NAVARRA<\\\/strong><\\\/h4>\\n\n\n<p><strong>ADDRESS<\\\/strong>: Av. P\\u00edo XII 36, 31008 (Pamplona \\u2013 Navarra)<br \\\/><strong>PHONE<\\\/strong>: (+34) 948 255 400<br \\\/><strong>WEBSITE<\\\/strong>:<span>\\u00a0<\\\/span><a href=\\\"http:\\\/\\\/www.cun.es\\\/\\\" target=\\\"_blank\\\" rel=\\\"noopener\\\" class=\\\"customize-unpreviewable\\\">www.cun.es<img src=\\\"https:\\\/\\\/navarrahealthtourism.com\\\/wp-content\\\/uploads\\\/Logo-Universidad-Navarra-300x137.jpg\\\" alt=\\\"\\\" width=\\\"136\\\" height=\\\"67\\\" class=\\\" wp-image-1459 alignright\\\" \\\/><\\\/a><br \\\/><strong>EMAIL<\\\/strong>:<span>\\u00a0<\\\/span><a href=\\\"mailto:atpacientecun@unav.es\\\" target=\\\"_blank\\\" rel=\\\"noopener\\\">atpacientecun@unav.es<\\\/a><\\\/p>\"}}]}]}]}]}],\"version\":\"2.5.10\"} --><\/p>\n","protected":false},"excerpt":{"rendered":"<p>MEDICAL CHECK-UPS WITH GENOME SEQUENCING A unique combination: genome sequencing and interpretation, together with greater precision with the best diagnostic technology. You will get information on your current sate of health as well as your predisposition to suffer from more than 650 diseases in the following categories: Cardiovascular diseases Cancer susceptibility Neurological disorders Coagulation disorders. [&hellip;]<\/p>\n","protected":false},"author":1,"featured_media":0,"parent":0,"menu_order":0,"comment_status":"closed","ping_status":"closed","template":"","meta":{"_acf_changed":false,"footnotes":""},"class_list":["post-1927","page","type-page","status-publish","hentry"],"acf":[],"yoast_head":"<!-- This site is optimized with the Yoast SEO plugin v26.8 - https:\/\/yoast.com\/product\/yoast-seo-wordpress\/ -->\n<title>Chequeo con secuenciaci\u00f3n del genoma - Navarra Healht Tourism<\/title>\n<meta name=\"description\" content=\"Una combinaci\u00f3n \u00fanica: secuenciaci\u00f3n e interpretaci\u00f3n del genoma, unidas a la mayor precisi\u00f3n con la mejor tecnolog\u00eda diagn\u00f3stica\" \/>\n<meta name=\"robots\" content=\"index, follow, max-snippet:-1, max-image-preview:large, max-video-preview:-1\" \/>\n<link rel=\"canonical\" href=\"https:\/\/navarrahealthtourism.com\/en\/chequeo-de-salud-con-secuenciacion-del-genoma\/\" \/>\n<meta property=\"og:locale\" content=\"en_US\" \/>\n<meta property=\"og:type\" content=\"article\" \/>\n<meta property=\"og:title\" content=\"Chequeo con secuenciaci\u00f3n del genoma - Navarra Healht Tourism\" \/>\n<meta property=\"og:description\" content=\"Una combinaci\u00f3n \u00fanica: secuenciaci\u00f3n e interpretaci\u00f3n del genoma, unidas a la mayor precisi\u00f3n con la mejor tecnolog\u00eda diagn\u00f3stica\" \/>\n<meta property=\"og:url\" content=\"https:\/\/navarrahealthtourism.com\/en\/chequeo-de-salud-con-secuenciacion-del-genoma\/\" \/>\n<meta property=\"og:site_name\" content=\"Navarra Healht Tourism\" \/>\n<meta property=\"article:modified_time\" content=\"2021-12-21T11:30:53+00:00\" \/>\n<meta property=\"og:image\" content=\"https:\/\/navarrahealthtourism.com\/wp-content\/uploads\/1_Chequeo-Genomico.jpg\" \/>\n<meta name=\"twitter:card\" content=\"summary_large_image\" \/>\n<meta name=\"twitter:label1\" content=\"Est. reading time\" \/>\n\t<meta name=\"twitter:data1\" content=\"2 minutes\" \/>\n<script type=\"application\/ld+json\" class=\"yoast-schema-graph\">{\"@context\":\"https:\/\/schema.org\",\"@graph\":[{\"@type\":\"WebPage\",\"@id\":\"https:\/\/navarrahealthtourism.com\/en\/chequeo-de-salud-con-secuenciacion-del-genoma\/\",\"url\":\"https:\/\/navarrahealthtourism.com\/en\/chequeo-de-salud-con-secuenciacion-del-genoma\/\",\"name\":\"Chequeo con secuenciaci\u00f3n del genoma - Navarra Healht Tourism\",\"isPartOf\":{\"@id\":\"https:\/\/navarrahealthtourism.com\/en\/#website\"},\"primaryImageOfPage\":{\"@id\":\"https:\/\/navarrahealthtourism.com\/en\/chequeo-de-salud-con-secuenciacion-del-genoma\/#primaryimage\"},\"image\":{\"@id\":\"https:\/\/navarrahealthtourism.com\/en\/chequeo-de-salud-con-secuenciacion-del-genoma\/#primaryimage\"},\"thumbnailUrl\":\"https:\/\/navarrahealthtourism.com\/wp-content\/uploads\/\/Logo-Universidad-Navarra-300x137.jpg\",\"datePublished\":\"2021-10-26T10:55:05+00:00\",\"dateModified\":\"2021-12-21T11:30:53+00:00\",\"description\":\"Una combinaci\u00f3n \u00fanica: secuenciaci\u00f3n e interpretaci\u00f3n del genoma, unidas a la mayor precisi\u00f3n con la mejor tecnolog\u00eda diagn\u00f3stica\",\"breadcrumb\":{\"@id\":\"https:\/\/navarrahealthtourism.com\/en\/chequeo-de-salud-con-secuenciacion-del-genoma\/#breadcrumb\"},\"inLanguage\":\"en-US\",\"potentialAction\":[{\"@type\":\"ReadAction\",\"target\":[\"https:\/\/navarrahealthtourism.com\/en\/chequeo-de-salud-con-secuenciacion-del-genoma\/\"]}]},{\"@type\":\"ImageObject\",\"inLanguage\":\"en-US\",\"@id\":\"https:\/\/navarrahealthtourism.com\/en\/chequeo-de-salud-con-secuenciacion-del-genoma\/#primaryimage\",\"url\":\"https:\/\/navarrahealthtourism.com\/wp-content\/uploads\/\/Logo-Universidad-Navarra-300x137.jpg\",\"contentUrl\":\"https:\/\/navarrahealthtourism.com\/wp-content\/uploads\/\/Logo-Universidad-Navarra-300x137.jpg\"},{\"@type\":\"BreadcrumbList\",\"@id\":\"https:\/\/navarrahealthtourism.com\/en\/chequeo-de-salud-con-secuenciacion-del-genoma\/#breadcrumb\",\"itemListElement\":[{\"@type\":\"ListItem\",\"position\":1,\"name\":\"Portada\",\"item\":\"https:\/\/navarrahealthtourism.com\/en\/\"},{\"@type\":\"ListItem\",\"position\":2,\"name\":\"CUN | Chequeo de salud con secuenciaci\u00f3n del genoma\"}]},{\"@type\":\"WebSite\",\"@id\":\"https:\/\/navarrahealthtourism.com\/en\/#website\",\"url\":\"https:\/\/navarrahealthtourism.com\/en\/\",\"name\":\"Navarra Healht Tourism\",\"description\":\"Turismo de Salud en Navarra\",\"potentialAction\":[{\"@type\":\"SearchAction\",\"target\":{\"@type\":\"EntryPoint\",\"urlTemplate\":\"https:\/\/navarrahealthtourism.com\/en\/?s={search_term_string}\"},\"query-input\":{\"@type\":\"PropertyValueSpecification\",\"valueRequired\":true,\"valueName\":\"search_term_string\"}}],\"inLanguage\":\"en-US\"}]}<\/script>\n<!-- \/ Yoast SEO plugin. -->","yoast_head_json":{"title":"Chequeo con secuenciaci\u00f3n del genoma - Navarra Healht Tourism","description":"Una combinaci\u00f3n \u00fanica: secuenciaci\u00f3n e interpretaci\u00f3n del genoma, unidas a la mayor precisi\u00f3n con la mejor tecnolog\u00eda diagn\u00f3stica","robots":{"index":"index","follow":"follow","max-snippet":"max-snippet:-1","max-image-preview":"max-image-preview:large","max-video-preview":"max-video-preview:-1"},"canonical":"https:\/\/navarrahealthtourism.com\/en\/chequeo-de-salud-con-secuenciacion-del-genoma\/","og_locale":"en_US","og_type":"article","og_title":"Chequeo con secuenciaci\u00f3n del genoma - Navarra Healht Tourism","og_description":"Una combinaci\u00f3n \u00fanica: secuenciaci\u00f3n e interpretaci\u00f3n del genoma, unidas a la mayor precisi\u00f3n con la mejor tecnolog\u00eda diagn\u00f3stica","og_url":"https:\/\/navarrahealthtourism.com\/en\/chequeo-de-salud-con-secuenciacion-del-genoma\/","og_site_name":"Navarra Healht Tourism","article_modified_time":"2021-12-21T11:30:53+00:00","og_image":[{"url":"https:\/\/navarrahealthtourism.com\/wp-content\/uploads\/1_Chequeo-Genomico.jpg","type":"","width":"","height":""}],"twitter_card":"summary_large_image","twitter_misc":{"Est. reading time":"2 minutes"},"schema":{"@context":"https:\/\/schema.org","@graph":[{"@type":"WebPage","@id":"https:\/\/navarrahealthtourism.com\/en\/chequeo-de-salud-con-secuenciacion-del-genoma\/","url":"https:\/\/navarrahealthtourism.com\/en\/chequeo-de-salud-con-secuenciacion-del-genoma\/","name":"Chequeo con secuenciaci\u00f3n del genoma - Navarra Healht Tourism","isPartOf":{"@id":"https:\/\/navarrahealthtourism.com\/en\/#website"},"primaryImageOfPage":{"@id":"https:\/\/navarrahealthtourism.com\/en\/chequeo-de-salud-con-secuenciacion-del-genoma\/#primaryimage"},"image":{"@id":"https:\/\/navarrahealthtourism.com\/en\/chequeo-de-salud-con-secuenciacion-del-genoma\/#primaryimage"},"thumbnailUrl":"https:\/\/navarrahealthtourism.com\/wp-content\/uploads\/\/Logo-Universidad-Navarra-300x137.jpg","datePublished":"2021-10-26T10:55:05+00:00","dateModified":"2021-12-21T11:30:53+00:00","description":"Una combinaci\u00f3n \u00fanica: secuenciaci\u00f3n e interpretaci\u00f3n del genoma, unidas a la mayor precisi\u00f3n con la mejor tecnolog\u00eda diagn\u00f3stica","breadcrumb":{"@id":"https:\/\/navarrahealthtourism.com\/en\/chequeo-de-salud-con-secuenciacion-del-genoma\/#breadcrumb"},"inLanguage":"en-US","potentialAction":[{"@type":"ReadAction","target":["https:\/\/navarrahealthtourism.com\/en\/chequeo-de-salud-con-secuenciacion-del-genoma\/"]}]},{"@type":"ImageObject","inLanguage":"en-US","@id":"https:\/\/navarrahealthtourism.com\/en\/chequeo-de-salud-con-secuenciacion-del-genoma\/#primaryimage","url":"https:\/\/navarrahealthtourism.com\/wp-content\/uploads\/\/Logo-Universidad-Navarra-300x137.jpg","contentUrl":"https:\/\/navarrahealthtourism.com\/wp-content\/uploads\/\/Logo-Universidad-Navarra-300x137.jpg"},{"@type":"BreadcrumbList","@id":"https:\/\/navarrahealthtourism.com\/en\/chequeo-de-salud-con-secuenciacion-del-genoma\/#breadcrumb","itemListElement":[{"@type":"ListItem","position":1,"name":"Portada","item":"https:\/\/navarrahealthtourism.com\/en\/"},{"@type":"ListItem","position":2,"name":"CUN | Chequeo de salud con secuenciaci\u00f3n del genoma"}]},{"@type":"WebSite","@id":"https:\/\/navarrahealthtourism.com\/en\/#website","url":"https:\/\/navarrahealthtourism.com\/en\/","name":"Navarra Healht Tourism","description":"Turismo de Salud en Navarra","potentialAction":[{"@type":"SearchAction","target":{"@type":"EntryPoint","urlTemplate":"https:\/\/navarrahealthtourism.com\/en\/?s={search_term_string}"},"query-input":{"@type":"PropertyValueSpecification","valueRequired":true,"valueName":"search_term_string"}}],"inLanguage":"en-US"}]}},"_links":{"self":[{"href":"https:\/\/navarrahealthtourism.com\/en\/wp-json\/wp\/v2\/pages\/1927","targetHints":{"allow":["GET"]}}],"collection":[{"href":"https:\/\/navarrahealthtourism.com\/en\/wp-json\/wp\/v2\/pages"}],"about":[{"href":"https:\/\/navarrahealthtourism.com\/en\/wp-json\/wp\/v2\/types\/page"}],"author":[{"embeddable":true,"href":"https:\/\/navarrahealthtourism.com\/en\/wp-json\/wp\/v2\/users\/1"}],"replies":[{"embeddable":true,"href":"https:\/\/navarrahealthtourism.com\/en\/wp-json\/wp\/v2\/comments?post=1927"}],"version-history":[{"count":10,"href":"https:\/\/navarrahealthtourism.com\/en\/wp-json\/wp\/v2\/pages\/1927\/revisions"}],"predecessor-version":[{"id":1938,"href":"https:\/\/navarrahealthtourism.com\/en\/wp-json\/wp\/v2\/pages\/1927\/revisions\/1938"}],"wp:attachment":[{"href":"https:\/\/navarrahealthtourism.com\/en\/wp-json\/wp\/v2\/media?parent=1927"}],"curies":[{"name":"wp","href":"https:\/\/api.w.org\/{rel}","templated":true}]}}