{"id":1961,"date":"2021-10-26T11:20:24","date_gmt":"2021-10-26T11:20:24","guid":{"rendered":"https:\/\/navarrahealthtourism.com\/cun-chequeo-cardiovascular-icap\/"},"modified":"2021-12-21T12:00:55","modified_gmt":"2021-12-21T12:00:55","slug":"cun-chequeo-cardiovascular-icap","status":"publish","type":"page","link":"https:\/\/navarrahealthtourism.com\/en\/cun-chequeo-cardiovascular-icap\/","title":{"rendered":"CUN | Chequeo cardiovascular Icap"},"content":{"rendered":"<p><img decoding=\"async\" src=\"\/wp-content\/uploads\/3_Chequeo-Cardiovascular.jpg\" alt=\"\"><\/p>\n<h1>CARDIOVASCULAR <br \/>CHECK-UP<\/h1>\n<div>\n<p>Our ICAP cardiovascular check-up is the only one to<br \/>\nincorporate the highest diagnostic imaging technology in order to accurately quantify your risk of a stroke or myocardial infarction.<\/p>\n<p>Complications of atherosclerosis<\/p>\n<ul>\n<li>Acute myocardial infarction<\/li>\n<li>Stroke (cardiovascular event)<\/li>\n<li>Kidney failure<\/li>\n<li>Peripheral arterial disease (lack of blood supply to lower  extremities)<\/li>\n<li>Sudden death:<\/li>\n<\/ul>\n<p><strong>Directed at:<\/strong><\/p>\n<ul>\n<li>Anyone over 50 years of age<\/li>\n<li>Family history of stroke or infarction<br \/>\n    (particularly  recommended for patients under 50 years of age).<\/li>\n<li>Diabetes<\/li>\n<li>Hypertension<\/li>\n<li>Obesity<\/li>\n<li>Hypercholesterolemia<\/li>\n<li>Smoking<\/li>\n<li>Stress<\/li>\n<\/ul>\n<\/div>\n<hr>\n<div>\n<h4>ICAP CARDIOVASCULAR CHECK-UP     \u00a0 \u00a0 \u00a0From (\u20ac)<br \/>ICAP Cardiovascular check-up                    \u00a0 \u00a0 \u00a0 \u00a0 \u00a0 \u00a0 \u00a0 \u00a0 \u00a0 \u00a03.750 \u20ac<\/h4>\n<hr \/>\n<\/div>\n<div>\n<p>The price includes:<\/p>\n<ul>\n<li>Initial assessment by an internist and a cardiologist from the  Vascular Medicine Area.<\/li>\n<li>Complete blood tests and electrocardiogram.<\/li>\n<li>CT-ANGIO: precise imaging of the main arteries: aorta, carotid,  iliac and femoral arteries.<\/li>\n<li>CT CORONARY ANGIOGRAPHY: non-invasive assessment of the coronary  arteries by CT reconstruction.<\/li>\n<li>FDG-PET: to detect hidden tumours.<\/li>\n<\/ul>\n<p>FINAL REPORT: recommendations and treatment<br \/>\n<br \/>2nd PET scan one year after the check-up.\n<\/p>\n<\/div>\n<div>\n<p><strong>DETAILS TO ORGANISE YOUR TRIP:<\/strong><\/p>\n<ul>\n<li>Time required for the treatment: 48 hours<\/li>\n<li>Length of stay in Navarra: 3-4 days<\/li>\n<li>No need for rest<\/li>\n<li>Annual check-up or according to medical recommendations<\/li>\n<\/ul>\n<\/div>\n<h1>OTHER EARLY DETECTION PROGRAMMES<\/h1>\n<div>\n<ul>\n<li>Cardiovascular risk assessment <\/li>\n<li>Early detection of lung cancer<\/li>\n<li>Early detection of melanoma<\/li>\n<li>Early detection of breast cancer<\/li>\n<li>Early detection of cancer of the colon<\/li>\n<\/ul>\n<pre>* All prices are subject to possible annual variations.<\/pre>\n<\/div>\n<hr>\n<table>\n<tbody>\n<tr>\n<td>\n<h4>CL\u00cdNICA UNIVERSIDAD DE NAVARRA<\/h4>\n<p><strong>ADDRESS<\/strong>: Av. P\u00edo XII 36, 31008 (Pamplona \u2013 Navarra)<br \/><strong>PHONE<\/strong>: (+34) 948 255 400<br \/><strong>WEBSITE<\/strong>:<span>\u00a0<\/span><a href=\"http:\/\/www.cun.es\/\" target=\"_blank\" rel=\"noopener\" class=\"customize-unpreviewable\">www.cun.es<img loading=\"lazy\" decoding=\"async\" src=\"https:\/\/navarrahealthtourism.com\/wp-content\/uploads\/\/Logo-Universidad-Navarra-300x137.jpg\" alt=\"\" width=\"136\" height=\"39\" class=\" wp-image-1459 alignright\" \/><\/a><br \/><strong>MAIL<\/strong>:<span>\u00a0<\/span><a href=\"mailto:atpacientecun@unav.es\" target=\"_blank\" rel=\"noopener\">atpacientecun@unav.es<\/a><\/p>\n<\/td>\n<\/tr>\n<\/tbody>\n<\/table>\n<p><!--more--><br \/>\n<!-- {\"type\":\"layout\",\"children\":[{\"type\":\"section\",\"props\":{\"style\":\"default\",\"width\":\"default\",\"vertical_align\":\"middle\",\"title_position\":\"top-left\",\"title_rotation\":\"left\",\"title_breakpoint\":\"xl\",\"image_position\":\"center-center\"},\"children\":[{\"type\":\"row\",\"props\":{\"layout\":\"1-2,1-2\"},\"children\":[{\"type\":\"column\",\"props\":{\"image_position\":\"center-center\",\"media_overlay_gradient\":\"\",\"width_medium\":\"1-2\"},\"children\":[{\"type\":\"image\",\"props\":{\"margin\":\"default\",\"image_svg_color\":\"emphasis\",\"image\":\"wp-content\\\/uploads\\\/3_Chequeo-Cardiovascular.jpg\"}},{\"type\":\"headline\",\"props\":{\"title_element\":\"h1\",\"content\":\"CARDIOVASCULAR <br \/>CHECK-UP\"}},{\"type\":\"text\",\"props\":{\"margin\":\"default\",\"column_breakpoint\":\"m\",\"content\":\"\n\n<p>Our ICAP cardiovascular check-up is the only one to\\nincorporate the highest diagnostic imaging technology in order to accurately quantify your risk of a stroke or myocardial infarction.<\\\/p>\\n\n\n<p>Complications of atherosclerosis<\\\/p>\\n\n\n<ul>\\n  \n\n<li>Acute myocardial infarction<\\\/li>\\n  \n\n<li>Stroke (cardiovascular event)<\\\/li>\\n  \n\n<li>Kidney failure<\\\/li>\\n  \n\n<li>Peripheral arterial disease (lack of blood supply to lower  extremities)<\\\/li>\\n  \n\n<li>Sudden death:<\\\/li>\\n<\\\/ul>\\n\n\n<p><strong>Directed at:<\\\/strong><\\\/p>\\n\n\n<ul>\\n  \n\n<li>Anyone over 50 years of age<\\\/li>\\n  \n\n<li>Family history of stroke or infarction<br \\\/>\\n    (particularly  recommended for patients under 50 years of age).<\\\/li>\\n  \n\n<li>Diabetes<\\\/li>\\n  \n\n<li>Hypertension<\\\/li>\\n  \n\n<li>Obesity<\\\/li>\\n  \n\n<li>Hypercholesterolemia<\\\/li>\\n  \n\n<li>Smoking<\\\/li>\\n  \n\n<li>Stress<\\\/li>\\n<\\\/ul>\"}}]},{\"type\":\"column\",\"props\":{\"image_position\":\"center-center\",\"media_overlay_gradient\":\"\",\"width_medium\":\"1-2\"},\"children\":[{\"type\":\"divider\",\"props\":{\"divider_element\":\"hr\"}},{\"type\":\"text\",\"props\":{\"margin\":\"default\",\"column_breakpoint\":\"m\",\"content\":\"\n\n<h4>ICAP CARDIOVASCULAR CHECK-UP     \\u00a0 \\u00a0 \\u00a0From (\\u20ac)<br \\\/>ICAP Cardiovascular check-up                    \\u00a0 \\u00a0 \\u00a0 \\u00a0 \\u00a0 \\u00a0 \\u00a0 \\u00a0 \\u00a0 \\u00a03.750 \\u20ac<\\\/h4>\\n\n\n<hr \\\/>\\n\n\n<p><\\\/p>\"}},{\"type\":\"text\",\"props\":{\"margin\":\"default\",\"column_breakpoint\":\"m\",\"content\":\"\n\n<p>The price includes:<\\\/p>\\n\n\n<ul>\\n  \n\n<li>Initial assessment by an internist and a cardiologist from the  Vascular Medicine Area.<\\\/li>\\n  \n\n<li>Complete blood tests and electrocardiogram.<\\\/li>\\n  \n\n<li>CT-ANGIO: precise imaging of the main arteries: aorta, carotid,  iliac and femoral arteries.<\\\/li>\\n  \n\n<li>CT CORONARY ANGIOGRAPHY: non-invasive assessment of the coronary  arteries by CT reconstruction.<\\\/li>\\n  \n\n<li>FDG-PET: to detect hidden tumours.<\\\/li>\\n<\\\/ul>\\n\n\n<p>FINAL REPORT: recommendations and treatment\\n<br \/>2nd PET scan one year after the check-up.\\n<\\\/p>\"}},{\"type\":\"text\",\"props\":{\"margin\":\"default\",\"column_breakpoint\":\"m\",\"content\":\"\n\n<p><strong>DETAILS TO ORGANISE YOUR TRIP:<\\\/strong><\\\/p>\\n\n\n<ul>\\n  \n\n<li>Time required for the treatment: 48 hours<\\\/li>\\n  \n\n<li>Length of stay in Navarra: 3-4 days<\\\/li>\\n  \n\n<li>No need for rest<\\\/li>\\n  \n\n<li>Annual check-up or according to medical recommendations<\\\/li>\\n<\\\/ul>\"}},{\"type\":\"headline\",\"props\":{\"title_element\":\"h1\",\"content\":\"OTHER EARLY DETECTION PROGRAMMES\"}},{\"type\":\"text\",\"props\":{\"margin\":\"default\",\"column_breakpoint\":\"m\",\"content\":\"\n\n<ul>\\n  \n\n<li>Cardiovascular risk assessment <\\\/li>\\n  \n\n<li>Early detection of lung cancer<\\\/li>\\n  \n\n<li>Early detection of melanoma<\\\/li>\\n  \n\n<li>Early detection of breast cancer<\\\/li>\\n  \n\n<li>Early detection of cancer of the colon<\\\/li>\\n<\\\/ul>\\n\n\n<pre>* All prices are subject to possible annual variations.<\\\/pre>\"}},{\"type\":\"divider\",\"props\":{\"divider_element\":\"hr\"}},{\"type\":\"table\",\"props\":{\"show_title\":true,\"show_meta\":true,\"show_content\":true,\"show_image\":true,\"show_link\":true,\"table_order\":\"1\",\"table_responsive\":\"overflow\",\"table_width_title\":\"shrink\",\"table_width_meta\":\"shrink\",\"meta_style\":\"meta\",\"image_svg_color\":\"emphasis\",\"link_text\":\"Read more\",\"link_style\":\"default\",\"table_style\":\"striped\"},\"children\":[{\"type\":\"table_item\",\"props\":{\"content\":\"\n\n<h4>CL\\u00cdNICA UNIVERSIDAD DE NAVARRA<\\\/h4>\\n\n\n<p><strong>ADDRESS<\\\/strong>: Av. P\\u00edo XII 36, 31008 (Pamplona \\u2013 Navarra)<br \\\/><strong>PHONE<\\\/strong>: (+34) 948 255 400<br \\\/><strong>WEBSITE<\\\/strong>:<span>\\u00a0<\\\/span><a href=\\\"http:\\\/\\\/www.cun.es\\\/\\\" target=\\\"_blank\\\" rel=\\\"noopener\\\" class=\\\"customize-unpreviewable\\\">www.cun.es<img src=\\\"https:\\\/\\\/navarrahealthtourism.com\\\/wp-content\\\/uploads\\\/Logo-Universidad-Navarra-300x137.jpg\\\" alt=\\\"\\\" width=\\\"136\\\" height=\\\"39\\\" class=\\\" wp-image-1459 alignright\\\" \\\/><\\\/a><br \\\/><strong>MAIL<\\\/strong>:<span>\\u00a0<\\\/span><a href=\\\"mailto:atpacientecun@unav.es\\\" target=\\\"_blank\\\" rel=\\\"noopener\\\">atpacientecun@unav.es<\\\/a><\\\/p>\"}}]}]}]}]}],\"version\":\"2.5.10\"} --><\/p>\n","protected":false},"excerpt":{"rendered":"<p>CARDIOVASCULAR CHECK-UP Our ICAP cardiovascular check-up is the only one to incorporate the highest diagnostic imaging technology in order to accurately quantify your risk of a stroke or myocardial infarction. Complications of atherosclerosis Acute myocardial infarction Stroke (cardiovascular event) Kidney failure Peripheral arterial disease (lack of blood supply to lower extremities) Sudden death: Directed at: [&hellip;]<\/p>\n","protected":false},"author":1,"featured_media":0,"parent":0,"menu_order":0,"comment_status":"closed","ping_status":"closed","template":"","meta":{"_acf_changed":false,"footnotes":""},"class_list":["post-1961","page","type-page","status-publish","hentry"],"acf":[],"yoast_head":"<!-- This site is optimized with the Yoast SEO plugin v26.8 - https:\/\/yoast.com\/product\/yoast-seo-wordpress\/ -->\n<title>Chequeo cardiovascular Icap - Navarra Healht Tourism<\/title>\n<meta name=\"description\" content=\"Nuestro chequeo cardiovascular ICAP es el \u00fanico que incorpora la m\u00e1s alta tecnolog\u00eda diagn\u00f3stica por imagen para cuantificar, con precisi\u00f3n.\" \/>\n<meta name=\"robots\" content=\"index, follow, max-snippet:-1, max-image-preview:large, max-video-preview:-1\" \/>\n<link rel=\"canonical\" href=\"https:\/\/navarrahealthtourism.com\/en\/cun-chequeo-cardiovascular-icap\/\" \/>\n<meta property=\"og:locale\" content=\"en_US\" \/>\n<meta property=\"og:type\" content=\"article\" \/>\n<meta property=\"og:title\" content=\"Chequeo cardiovascular Icap - Navarra Healht Tourism\" \/>\n<meta property=\"og:description\" content=\"Nuestro chequeo cardiovascular ICAP es el \u00fanico que incorpora la m\u00e1s alta tecnolog\u00eda diagn\u00f3stica por imagen para cuantificar, con precisi\u00f3n.\" \/>\n<meta property=\"og:url\" content=\"https:\/\/navarrahealthtourism.com\/en\/cun-chequeo-cardiovascular-icap\/\" \/>\n<meta property=\"og:site_name\" content=\"Navarra Healht Tourism\" \/>\n<meta property=\"article:modified_time\" content=\"2021-12-21T12:00:55+00:00\" \/>\n<meta property=\"og:image\" content=\"https:\/\/navarrahealthtourism.com\/wp-content\/uploads\/3_Chequeo-Cardiovascular.jpg\" \/>\n<meta name=\"twitter:card\" content=\"summary_large_image\" \/>\n<meta name=\"twitter:label1\" content=\"Est. reading time\" \/>\n\t<meta name=\"twitter:data1\" content=\"1 minute\" \/>\n<script type=\"application\/ld+json\" class=\"yoast-schema-graph\">{\"@context\":\"https:\/\/schema.org\",\"@graph\":[{\"@type\":\"WebPage\",\"@id\":\"https:\/\/navarrahealthtourism.com\/en\/cun-chequeo-cardiovascular-icap\/\",\"url\":\"https:\/\/navarrahealthtourism.com\/en\/cun-chequeo-cardiovascular-icap\/\",\"name\":\"Chequeo cardiovascular Icap - Navarra Healht Tourism\",\"isPartOf\":{\"@id\":\"https:\/\/navarrahealthtourism.com\/en\/#website\"},\"primaryImageOfPage\":{\"@id\":\"https:\/\/navarrahealthtourism.com\/en\/cun-chequeo-cardiovascular-icap\/#primaryimage\"},\"image\":{\"@id\":\"https:\/\/navarrahealthtourism.com\/en\/cun-chequeo-cardiovascular-icap\/#primaryimage\"},\"thumbnailUrl\":\"https:\/\/navarrahealthtourism.com\/wp-content\/uploads\/\/Logo-Universidad-Navarra-300x137.jpg\",\"datePublished\":\"2021-10-26T11:20:24+00:00\",\"dateModified\":\"2021-12-21T12:00:55+00:00\",\"description\":\"Nuestro chequeo cardiovascular ICAP es el \u00fanico que incorpora la m\u00e1s alta tecnolog\u00eda diagn\u00f3stica por imagen para cuantificar, con precisi\u00f3n.\",\"breadcrumb\":{\"@id\":\"https:\/\/navarrahealthtourism.com\/en\/cun-chequeo-cardiovascular-icap\/#breadcrumb\"},\"inLanguage\":\"en-US\",\"potentialAction\":[{\"@type\":\"ReadAction\",\"target\":[\"https:\/\/navarrahealthtourism.com\/en\/cun-chequeo-cardiovascular-icap\/\"]}]},{\"@type\":\"ImageObject\",\"inLanguage\":\"en-US\",\"@id\":\"https:\/\/navarrahealthtourism.com\/en\/cun-chequeo-cardiovascular-icap\/#primaryimage\",\"url\":\"https:\/\/navarrahealthtourism.com\/wp-content\/uploads\/\/Logo-Universidad-Navarra-300x137.jpg\",\"contentUrl\":\"https:\/\/navarrahealthtourism.com\/wp-content\/uploads\/\/Logo-Universidad-Navarra-300x137.jpg\"},{\"@type\":\"BreadcrumbList\",\"@id\":\"https:\/\/navarrahealthtourism.com\/en\/cun-chequeo-cardiovascular-icap\/#breadcrumb\",\"itemListElement\":[{\"@type\":\"ListItem\",\"position\":1,\"name\":\"Portada\",\"item\":\"https:\/\/navarrahealthtourism.com\/en\/\"},{\"@type\":\"ListItem\",\"position\":2,\"name\":\"CUN | Chequeo cardiovascular Icap\"}]},{\"@type\":\"WebSite\",\"@id\":\"https:\/\/navarrahealthtourism.com\/en\/#website\",\"url\":\"https:\/\/navarrahealthtourism.com\/en\/\",\"name\":\"Navarra Healht Tourism\",\"description\":\"Turismo de Salud en Navarra\",\"potentialAction\":[{\"@type\":\"SearchAction\",\"target\":{\"@type\":\"EntryPoint\",\"urlTemplate\":\"https:\/\/navarrahealthtourism.com\/en\/?s={search_term_string}\"},\"query-input\":{\"@type\":\"PropertyValueSpecification\",\"valueRequired\":true,\"valueName\":\"search_term_string\"}}],\"inLanguage\":\"en-US\"}]}<\/script>\n<!-- \/ Yoast SEO plugin. -->","yoast_head_json":{"title":"Chequeo cardiovascular Icap - Navarra Healht Tourism","description":"Nuestro chequeo cardiovascular ICAP es el \u00fanico que incorpora la m\u00e1s alta tecnolog\u00eda diagn\u00f3stica por imagen para cuantificar, con precisi\u00f3n.","robots":{"index":"index","follow":"follow","max-snippet":"max-snippet:-1","max-image-preview":"max-image-preview:large","max-video-preview":"max-video-preview:-1"},"canonical":"https:\/\/navarrahealthtourism.com\/en\/cun-chequeo-cardiovascular-icap\/","og_locale":"en_US","og_type":"article","og_title":"Chequeo cardiovascular Icap - Navarra Healht Tourism","og_description":"Nuestro chequeo cardiovascular ICAP es el \u00fanico que incorpora la m\u00e1s alta tecnolog\u00eda diagn\u00f3stica por imagen para cuantificar, con precisi\u00f3n.","og_url":"https:\/\/navarrahealthtourism.com\/en\/cun-chequeo-cardiovascular-icap\/","og_site_name":"Navarra Healht Tourism","article_modified_time":"2021-12-21T12:00:55+00:00","og_image":[{"url":"https:\/\/navarrahealthtourism.com\/wp-content\/uploads\/3_Chequeo-Cardiovascular.jpg","type":"","width":"","height":""}],"twitter_card":"summary_large_image","twitter_misc":{"Est. reading time":"1 minute"},"schema":{"@context":"https:\/\/schema.org","@graph":[{"@type":"WebPage","@id":"https:\/\/navarrahealthtourism.com\/en\/cun-chequeo-cardiovascular-icap\/","url":"https:\/\/navarrahealthtourism.com\/en\/cun-chequeo-cardiovascular-icap\/","name":"Chequeo cardiovascular Icap - Navarra Healht Tourism","isPartOf":{"@id":"https:\/\/navarrahealthtourism.com\/en\/#website"},"primaryImageOfPage":{"@id":"https:\/\/navarrahealthtourism.com\/en\/cun-chequeo-cardiovascular-icap\/#primaryimage"},"image":{"@id":"https:\/\/navarrahealthtourism.com\/en\/cun-chequeo-cardiovascular-icap\/#primaryimage"},"thumbnailUrl":"https:\/\/navarrahealthtourism.com\/wp-content\/uploads\/\/Logo-Universidad-Navarra-300x137.jpg","datePublished":"2021-10-26T11:20:24+00:00","dateModified":"2021-12-21T12:00:55+00:00","description":"Nuestro chequeo cardiovascular ICAP es el \u00fanico que incorpora la m\u00e1s alta tecnolog\u00eda diagn\u00f3stica por imagen para cuantificar, con precisi\u00f3n.","breadcrumb":{"@id":"https:\/\/navarrahealthtourism.com\/en\/cun-chequeo-cardiovascular-icap\/#breadcrumb"},"inLanguage":"en-US","potentialAction":[{"@type":"ReadAction","target":["https:\/\/navarrahealthtourism.com\/en\/cun-chequeo-cardiovascular-icap\/"]}]},{"@type":"ImageObject","inLanguage":"en-US","@id":"https:\/\/navarrahealthtourism.com\/en\/cun-chequeo-cardiovascular-icap\/#primaryimage","url":"https:\/\/navarrahealthtourism.com\/wp-content\/uploads\/\/Logo-Universidad-Navarra-300x137.jpg","contentUrl":"https:\/\/navarrahealthtourism.com\/wp-content\/uploads\/\/Logo-Universidad-Navarra-300x137.jpg"},{"@type":"BreadcrumbList","@id":"https:\/\/navarrahealthtourism.com\/en\/cun-chequeo-cardiovascular-icap\/#breadcrumb","itemListElement":[{"@type":"ListItem","position":1,"name":"Portada","item":"https:\/\/navarrahealthtourism.com\/en\/"},{"@type":"ListItem","position":2,"name":"CUN | Chequeo cardiovascular Icap"}]},{"@type":"WebSite","@id":"https:\/\/navarrahealthtourism.com\/en\/#website","url":"https:\/\/navarrahealthtourism.com\/en\/","name":"Navarra Healht Tourism","description":"Turismo de Salud en Navarra","potentialAction":[{"@type":"SearchAction","target":{"@type":"EntryPoint","urlTemplate":"https:\/\/navarrahealthtourism.com\/en\/?s={search_term_string}"},"query-input":{"@type":"PropertyValueSpecification","valueRequired":true,"valueName":"search_term_string"}}],"inLanguage":"en-US"}]}},"_links":{"self":[{"href":"https:\/\/navarrahealthtourism.com\/en\/wp-json\/wp\/v2\/pages\/1961","targetHints":{"allow":["GET"]}}],"collection":[{"href":"https:\/\/navarrahealthtourism.com\/en\/wp-json\/wp\/v2\/pages"}],"about":[{"href":"https:\/\/navarrahealthtourism.com\/en\/wp-json\/wp\/v2\/types\/page"}],"author":[{"embeddable":true,"href":"https:\/\/navarrahealthtourism.com\/en\/wp-json\/wp\/v2\/users\/1"}],"replies":[{"embeddable":true,"href":"https:\/\/navarrahealthtourism.com\/en\/wp-json\/wp\/v2\/comments?post=1961"}],"version-history":[{"count":11,"href":"https:\/\/navarrahealthtourism.com\/en\/wp-json\/wp\/v2\/pages\/1961\/revisions"}],"predecessor-version":[{"id":1973,"href":"https:\/\/navarrahealthtourism.com\/en\/wp-json\/wp\/v2\/pages\/1961\/revisions\/1973"}],"wp:attachment":[{"href":"https:\/\/navarrahealthtourism.com\/en\/wp-json\/wp\/v2\/media?parent=1961"}],"curies":[{"name":"wp","href":"https:\/\/api.w.org\/{rel}","templated":true}]}}