{"id":1994,"date":"2021-10-26T12:21:38","date_gmt":"2021-10-26T12:21:38","guid":{"rendered":"https:\/\/navarrahealthtourism.com\/sannas-diagnostico-integral-y-rehabilitacion-de-arcada-con-sedacion\/"},"modified":"2021-12-21T14:56:28","modified_gmt":"2021-12-21T14:56:28","slug":"sannas-diagnostico-integral-y-rehabilitacion-de-arcada-con-sedacion","status":"publish","type":"page","link":"https:\/\/navarrahealthtourism.com\/en\/sannas-diagnostico-integral-y-rehabilitacion-de-arcada-con-sedacion\/","title":{"rendered":"SANNAS | Diagn\u00f3stico integral y rehabilitaci\u00f3n de arcada con sedaci\u00f3n"},"content":{"rendered":"<p><img decoding=\"async\" src=\"\/wp-content\/uploads\/Sannas_Imagen_Tratamiento_1.jpg\" alt=\"\"><\/p>\n<h1>COMPREHENSIVE DIAGNOSIS: (3H)<\/h1>\n<div>\n<p>At Sannas Dentrofacial, an interdisciplinary team of expert dentists offers patients comprehensive treatment that considers their oral health as part of their general state of health<\/p>\n<p>Based on advanced technologies, we then offer a &#8220;cocktail&#8221; of great added value that is to the benefit of the patient.<\/p>\n<p><strong>Our goal: to provide a solution to the patient&#8217;s problems as soon as possible and with positive experience, maintaining the patient&#8217;s wellbeing.<\/strong><\/p>\n<\/div>\n<hr>\n<div>\n<h4>Description \u00a0 \u00a0 \u00a0 \u00a0 \u00a0 \u00a0 \u00a0 \u00a0 \u00a0 \u00a0 \u00a0 \u00a0 \u00a0 \u00a0 \u00a0 \u00a0 \u00a0 \u00a0 \u00a0 \u00a0 \u00a0 \u00a0 \u00a0 \u00a0 \u00a0 \u00a0 \u00a0 From (\u20ac)<br \/>3 hours (Same day treatment)\u00a0 \u00a0 \u00a0 \u00a0 \u00a0 \u00a0 \u00a0  \u00a0350 \u20ac<\/h4>\n<hr \/>\n<h4><\/h4>\n<\/div>\n<div>\n<ul>\n<li>Temporomandibular Joint Study<\/li>\n<li>Bite Study<\/li>\n<li>Bone Structure Study<\/li>\n<li>Gum Study<\/li>\n<li>Smile Design Studio<\/li>\n<\/ul>\n<\/div>\n<hr>\n<div>\n<h4>Study of Facial Aesthetics                           \u00a0 \u00a0 \u00a0 \u00a0 \u00a0 \u00a0 \u00a0 \u00a0 \u00a0 \u00a0 \u00a0 \u00a0 \u00a0 \u00a0From(\u20ac)<br \/>Any additional treatment                                    \u00a0 \u00a0 \u00a0 \u00a0 \u00a0 \u00a0 \u00a0 \u00a0 \u00a0 \u00a0 \u00a0 \u00a0 \u00a0 \u00a0 \u00a0 \u00a0 \u00a0 +50 \u20ac<\/h4>\n<hr \/>\n<h4><\/h4>\n<\/div>\n<p><img decoding=\"async\" src=\"\/wp-content\/uploads\/Sannas_Imagen_Tratamiento_2.jpg\" alt=\"\"><\/p>\n<h1>ARCH REHABILITATION WITH SEDATION<\/h1>\n<div>\n<p>All dental services in the same place.<\/p>\n<p>Combined sedation allows us to perform numerous and varied procedures in as few sessions as possible, such as the placement of a combination of implants at the same time.<\/p>\n<p><strong>Our goal: To use the right technique to improve the patient&#8217;s health and appearance while maintaining the natural shape of their face.<\/strong><\/p>\n<\/div>\n<hr>\n<table>\n<tbody>\n<tr>\n<td>\n<h4>SANNAS DENTOFACIAL<\/h4>\n<p><strong>ADDRESS<\/strong>: C\/ Madres de la Plaza de Mayo, 16<br \/>31013 \u2013 Nuevo Artica \u2013 Navarra<br \/><strong>PHONE<\/strong>: (+34) 948 38 44 22 \/ (+34) 948 38 44 33<br \/><strong>WEBSITE<\/strong>:<span>\u00a0<\/span><a href=\"http:\/\/www.sannasdentrofacial.com\/\" target=\"_blank\" rel=\"noopener\" class=\"customize-unpreviewable\">www.sannasdentrofacial.com<img loading=\"lazy\" decoding=\"async\" src=\"https:\/\/navarrahealthtourism.com\/wp-content\/uploads\/\/Logo-Sannas-300x125.jpg\" alt=\"\" width=\"136\" height=\"44\" class=\" wp-image-1461 alignright\" \/><\/a><br \/><strong>EMAIL<\/strong>:<span>\u00a0<\/span><a href=\"mailto:info@gruposannas.com\" target=\"_blank\" rel=\"noopener\">info@gruposannas.com<\/a><\/p>\n<\/td>\n<\/tr>\n<\/tbody>\n<\/table>\n<p><!--more--><br \/>\n<!-- {\"type\":\"layout\",\"children\":[{\"type\":\"section\",\"props\":{\"style\":\"default\",\"width\":\"default\",\"vertical_align\":\"middle\",\"title_position\":\"top-left\",\"title_rotation\":\"left\",\"title_breakpoint\":\"xl\",\"image_position\":\"center-center\"},\"children\":[{\"type\":\"row\",\"props\":{\"layout\":\"1-2,1-2\"},\"children\":[{\"type\":\"column\",\"props\":{\"image_position\":\"center-center\",\"media_overlay_gradient\":\"\",\"width_medium\":\"1-2\"},\"children\":[{\"type\":\"image\",\"props\":{\"margin\":\"default\",\"image_svg_color\":\"emphasis\",\"image\":\"wp-content\\\/uploads\\\/Sannas_Imagen_Tratamiento_1.jpg\"}},{\"type\":\"headline\",\"props\":{\"title_element\":\"h1\",\"content\":\"COMPREHENSIVE DIAGNOSIS: (3H)\"}},{\"type\":\"text\",\"props\":{\"margin\":\"default\",\"column_breakpoint\":\"m\",\"content\":\"\n\n<p>At Sannas Dentrofacial, an interdisciplinary team of expert dentists offers patients comprehensive treatment that considers their oral health as part of their general state of health<br \\\/><br \\\/>Based on advanced technologies, we then offer a \\\"cocktail\\\" of great added value that is to the benefit of the patient.<\\\/p>\\n\n\n<p><strong>Our goal: to provide a solution to the patient's problems as soon as possible and with positive experience, maintaining the patient's wellbeing.<\\\/strong><\\\/p>\"}},{\"type\":\"divider\",\"props\":{\"divider_element\":\"hr\"}},{\"type\":\"text\",\"props\":{\"margin\":\"default\",\"column_breakpoint\":\"m\",\"content\":\"\n\n<h4>Description \\u00a0 \\u00a0 \\u00a0 \\u00a0 \\u00a0 \\u00a0 \\u00a0 \\u00a0 \\u00a0 \\u00a0 \\u00a0 \\u00a0 \\u00a0 \\u00a0 \\u00a0 \\u00a0 \\u00a0 \\u00a0 \\u00a0 \\u00a0 \\u00a0 \\u00a0 \\u00a0 \\u00a0 \\u00a0 \\u00a0 \\u00a0 From (\\u20ac)<br \\\/>3 hours (Same day treatment)\\u00a0 \\u00a0 \\u00a0 \\u00a0 \\u00a0 \\u00a0 \\u00a0  \\u00a0350 \\u20ac<\\\/h4>\\n\n\n<hr \\\/>\\n\n\n<h4><\\\/h4>\"}},{\"type\":\"text\",\"props\":{\"margin\":\"default\",\"column_breakpoint\":\"m\",\"content\":\"\n\n<ul>\\n  \n\n<li>Temporomandibular Joint Study<\\\/li>\\n  \n\n<li>Bite Study<\\\/li>\\n  \n\n<li>Bone Structure Study<\\\/li>\\n  \n\n<li>Gum Study<\\\/li>\\n  \n\n<li>Smile Design Studio<\\\/li>\\n<\\\/ul>\"}},{\"type\":\"divider\",\"props\":{\"divider_element\":\"hr\"}},{\"type\":\"text\",\"props\":{\"margin\":\"default\",\"column_breakpoint\":\"m\",\"content\":\"\n\n<h4>Study of Facial Aesthetics                           \\u00a0 \\u00a0 \\u00a0 \\u00a0 \\u00a0 \\u00a0 \\u00a0 \\u00a0 \\u00a0 \\u00a0 \\u00a0 \\u00a0 \\u00a0 \\u00a0From(\\u20ac)<br \\\/>Any additional treatment                                    \\u00a0 \\u00a0 \\u00a0 \\u00a0 \\u00a0 \\u00a0 \\u00a0 \\u00a0 \\u00a0 \\u00a0 \\u00a0 \\u00a0 \\u00a0 \\u00a0 \\u00a0 \\u00a0 \\u00a0 +50 \\u20ac<\\\/h4>\\n\n\n<hr \\\/>\\n\n\n<h4><\\\/h4>\"}}]},{\"type\":\"column\",\"props\":{\"image_position\":\"center-center\",\"media_overlay_gradient\":\"\",\"width_medium\":\"1-2\"},\"children\":[{\"type\":\"image\",\"props\":{\"margin\":\"default\",\"image_svg_color\":\"emphasis\",\"image\":\"wp-content\\\/uploads\\\/Sannas_Imagen_Tratamiento_2.jpg\"}},{\"type\":\"headline\",\"props\":{\"title_element\":\"h1\",\"content\":\"ARCH REHABILITATION WITH SEDATION\"}},{\"type\":\"text\",\"props\":{\"margin\":\"default\",\"column_breakpoint\":\"m\",\"content\":\"\n\n<p>All dental services in the same place.<br \\\/><br \\\/>Combined sedation allows us to perform numerous and varied procedures in as few sessions as possible, such as the placement of a combination of implants at the same time.<br \\\/><br \\\/><strong>Our goal: To use the right technique to improve the patient's health and appearance while maintaining the natural shape of their face.<\\\/strong><\\\/p>\"}},{\"type\":\"divider\",\"props\":{\"divider_element\":\"hr\"}},{\"type\":\"table\",\"props\":{\"show_title\":true,\"show_meta\":true,\"show_content\":true,\"show_image\":true,\"show_link\":true,\"table_order\":\"1\",\"table_responsive\":\"overflow\",\"table_width_title\":\"shrink\",\"table_width_meta\":\"shrink\",\"meta_style\":\"meta\",\"image_svg_color\":\"emphasis\",\"link_text\":\"Read more\",\"link_style\":\"default\",\"table_style\":\"striped\"},\"children\":[{\"type\":\"table_item\",\"props\":{\"content\":\"\n\n<h4>SANNAS DENTOFACIAL<\\\/h4>\\n\n\n<p><strong>ADDRESS<\\\/strong>: C\\\/ Madres de la Plaza de Mayo, 16<br \\\/>31013 \\u2013 Nuevo Artica \\u2013 Navarra<br \\\/><strong>PHONE<\\\/strong>: (+34) 948 38 44 22 \\\/ (+34) 948 38 44 33<br \\\/><strong>WEBSITE<\\\/strong>:<span>\\u00a0<\\\/span><a href=\\\"http:\\\/\\\/www.sannasdentrofacial.com\\\/\\\" target=\\\"_blank\\\" rel=\\\"noopener\\\" class=\\\"customize-unpreviewable\\\">www.sannasdentrofacial.com<img src=\\\"https:\\\/\\\/navarrahealthtourism.com\\\/wp-content\\\/uploads\\\/Logo-Sannas-300x125.jpg\\\" alt=\\\"\\\" width=\\\"136\\\" height=\\\"44\\\" class=\\\" wp-image-1461 alignright\\\" \\\/><\\\/a><br \\\/><strong>EMAIL<\\\/strong>:<span>\\u00a0<\\\/span><a href=\\\"mailto:info@gruposannas.com\\\" target=\\\"_blank\\\" rel=\\\"noopener\\\">info@gruposannas.com<\\\/a><\\\/p>\"}}]}]}]}]}],\"version\":\"2.5.10\"} --><\/p>\n","protected":false},"excerpt":{"rendered":"<p>COMPREHENSIVE DIAGNOSIS: (3H) At Sannas Dentrofacial, an interdisciplinary team of expert dentists offers patients comprehensive treatment that considers their oral health as part of their general state of health Based on advanced technologies, we then offer a &#8220;cocktail&#8221; of great added value that is to the benefit of the patient. Our goal: to provide a [&hellip;]<\/p>\n","protected":false},"author":1,"featured_media":0,"parent":0,"menu_order":0,"comment_status":"closed","ping_status":"closed","template":"","meta":{"_acf_changed":false,"footnotes":""},"class_list":["post-1994","page","type-page","status-publish","hentry"],"acf":[],"yoast_head":"<!-- This site is optimized with the Yoast SEO plugin v26.8 - https:\/\/yoast.com\/product\/yoast-seo-wordpress\/ -->\n<title>Diagn\u00f3stico integral y rehabilitaci\u00f3n de arcada - Navarra Healht Tourism<\/title>\n<meta name=\"description\" content=\"Un equipo de doctores expertos trabaja de forma interdisciplinar para ofrecer al paciente un tratamiento integral que contemple su salud oral\" \/>\n<meta name=\"robots\" content=\"index, follow, max-snippet:-1, max-image-preview:large, max-video-preview:-1\" \/>\n<link rel=\"canonical\" href=\"https:\/\/navarrahealthtourism.com\/en\/sannas-diagnostico-integral-y-rehabilitacion-de-arcada-con-sedacion\/\" \/>\n<meta property=\"og:locale\" content=\"en_US\" \/>\n<meta property=\"og:type\" content=\"article\" \/>\n<meta property=\"og:title\" content=\"Diagn\u00f3stico integral y rehabilitaci\u00f3n de arcada - Navarra Healht Tourism\" \/>\n<meta property=\"og:description\" content=\"Un equipo de doctores expertos trabaja de forma interdisciplinar para ofrecer al paciente un tratamiento integral que contemple su salud oral\" \/>\n<meta property=\"og:url\" content=\"https:\/\/navarrahealthtourism.com\/en\/sannas-diagnostico-integral-y-rehabilitacion-de-arcada-con-sedacion\/\" \/>\n<meta property=\"og:site_name\" content=\"Navarra Healht Tourism\" \/>\n<meta property=\"article:modified_time\" content=\"2021-12-21T14:56:28+00:00\" \/>\n<meta property=\"og:image\" content=\"https:\/\/navarrahealthtourism.com\/wp-content\/uploads\/Sannas_Imagen_Tratamiento_1.jpg\" \/>\n<meta name=\"twitter:card\" content=\"summary_large_image\" \/>\n<meta name=\"twitter:label1\" content=\"Est. reading time\" \/>\n\t<meta name=\"twitter:data1\" content=\"1 minute\" \/>\n<script type=\"application\/ld+json\" class=\"yoast-schema-graph\">{\"@context\":\"https:\/\/schema.org\",\"@graph\":[{\"@type\":\"WebPage\",\"@id\":\"https:\/\/navarrahealthtourism.com\/en\/sannas-diagnostico-integral-y-rehabilitacion-de-arcada-con-sedacion\/\",\"url\":\"https:\/\/navarrahealthtourism.com\/en\/sannas-diagnostico-integral-y-rehabilitacion-de-arcada-con-sedacion\/\",\"name\":\"Diagn\u00f3stico integral y rehabilitaci\u00f3n de arcada - Navarra Healht Tourism\",\"isPartOf\":{\"@id\":\"https:\/\/navarrahealthtourism.com\/en\/#website\"},\"primaryImageOfPage\":{\"@id\":\"https:\/\/navarrahealthtourism.com\/en\/sannas-diagnostico-integral-y-rehabilitacion-de-arcada-con-sedacion\/#primaryimage\"},\"image\":{\"@id\":\"https:\/\/navarrahealthtourism.com\/en\/sannas-diagnostico-integral-y-rehabilitacion-de-arcada-con-sedacion\/#primaryimage\"},\"thumbnailUrl\":\"https:\/\/navarrahealthtourism.com\/wp-content\/uploads\/\/Logo-Sannas-300x125.jpg\",\"datePublished\":\"2021-10-26T12:21:38+00:00\",\"dateModified\":\"2021-12-21T14:56:28+00:00\",\"description\":\"Un equipo de doctores expertos trabaja de forma interdisciplinar para ofrecer al paciente un tratamiento integral que contemple su salud oral\",\"breadcrumb\":{\"@id\":\"https:\/\/navarrahealthtourism.com\/en\/sannas-diagnostico-integral-y-rehabilitacion-de-arcada-con-sedacion\/#breadcrumb\"},\"inLanguage\":\"en-US\",\"potentialAction\":[{\"@type\":\"ReadAction\",\"target\":[\"https:\/\/navarrahealthtourism.com\/en\/sannas-diagnostico-integral-y-rehabilitacion-de-arcada-con-sedacion\/\"]}]},{\"@type\":\"ImageObject\",\"inLanguage\":\"en-US\",\"@id\":\"https:\/\/navarrahealthtourism.com\/en\/sannas-diagnostico-integral-y-rehabilitacion-de-arcada-con-sedacion\/#primaryimage\",\"url\":\"https:\/\/navarrahealthtourism.com\/wp-content\/uploads\/\/Logo-Sannas-300x125.jpg\",\"contentUrl\":\"https:\/\/navarrahealthtourism.com\/wp-content\/uploads\/\/Logo-Sannas-300x125.jpg\"},{\"@type\":\"BreadcrumbList\",\"@id\":\"https:\/\/navarrahealthtourism.com\/en\/sannas-diagnostico-integral-y-rehabilitacion-de-arcada-con-sedacion\/#breadcrumb\",\"itemListElement\":[{\"@type\":\"ListItem\",\"position\":1,\"name\":\"Portada\",\"item\":\"https:\/\/navarrahealthtourism.com\/en\/\"},{\"@type\":\"ListItem\",\"position\":2,\"name\":\"SANNAS | Diagn\u00f3stico integral y rehabilitaci\u00f3n de arcada con sedaci\u00f3n\"}]},{\"@type\":\"WebSite\",\"@id\":\"https:\/\/navarrahealthtourism.com\/en\/#website\",\"url\":\"https:\/\/navarrahealthtourism.com\/en\/\",\"name\":\"Navarra Healht Tourism\",\"description\":\"Turismo de Salud en Navarra\",\"potentialAction\":[{\"@type\":\"SearchAction\",\"target\":{\"@type\":\"EntryPoint\",\"urlTemplate\":\"https:\/\/navarrahealthtourism.com\/en\/?s={search_term_string}\"},\"query-input\":{\"@type\":\"PropertyValueSpecification\",\"valueRequired\":true,\"valueName\":\"search_term_string\"}}],\"inLanguage\":\"en-US\"}]}<\/script>\n<!-- \/ Yoast SEO plugin. -->","yoast_head_json":{"title":"Diagn\u00f3stico integral y rehabilitaci\u00f3n de arcada - Navarra Healht Tourism","description":"Un equipo de doctores expertos trabaja de forma interdisciplinar para ofrecer al paciente un tratamiento integral que contemple su salud oral","robots":{"index":"index","follow":"follow","max-snippet":"max-snippet:-1","max-image-preview":"max-image-preview:large","max-video-preview":"max-video-preview:-1"},"canonical":"https:\/\/navarrahealthtourism.com\/en\/sannas-diagnostico-integral-y-rehabilitacion-de-arcada-con-sedacion\/","og_locale":"en_US","og_type":"article","og_title":"Diagn\u00f3stico integral y rehabilitaci\u00f3n de arcada - Navarra Healht Tourism","og_description":"Un equipo de doctores expertos trabaja de forma interdisciplinar para ofrecer al paciente un tratamiento integral que contemple su salud oral","og_url":"https:\/\/navarrahealthtourism.com\/en\/sannas-diagnostico-integral-y-rehabilitacion-de-arcada-con-sedacion\/","og_site_name":"Navarra Healht Tourism","article_modified_time":"2021-12-21T14:56:28+00:00","og_image":[{"url":"https:\/\/navarrahealthtourism.com\/wp-content\/uploads\/Sannas_Imagen_Tratamiento_1.jpg","type":"","width":"","height":""}],"twitter_card":"summary_large_image","twitter_misc":{"Est. reading time":"1 minute"},"schema":{"@context":"https:\/\/schema.org","@graph":[{"@type":"WebPage","@id":"https:\/\/navarrahealthtourism.com\/en\/sannas-diagnostico-integral-y-rehabilitacion-de-arcada-con-sedacion\/","url":"https:\/\/navarrahealthtourism.com\/en\/sannas-diagnostico-integral-y-rehabilitacion-de-arcada-con-sedacion\/","name":"Diagn\u00f3stico integral y rehabilitaci\u00f3n de arcada - Navarra Healht Tourism","isPartOf":{"@id":"https:\/\/navarrahealthtourism.com\/en\/#website"},"primaryImageOfPage":{"@id":"https:\/\/navarrahealthtourism.com\/en\/sannas-diagnostico-integral-y-rehabilitacion-de-arcada-con-sedacion\/#primaryimage"},"image":{"@id":"https:\/\/navarrahealthtourism.com\/en\/sannas-diagnostico-integral-y-rehabilitacion-de-arcada-con-sedacion\/#primaryimage"},"thumbnailUrl":"https:\/\/navarrahealthtourism.com\/wp-content\/uploads\/\/Logo-Sannas-300x125.jpg","datePublished":"2021-10-26T12:21:38+00:00","dateModified":"2021-12-21T14:56:28+00:00","description":"Un equipo de doctores expertos trabaja de forma interdisciplinar para ofrecer al paciente un tratamiento integral que contemple su salud oral","breadcrumb":{"@id":"https:\/\/navarrahealthtourism.com\/en\/sannas-diagnostico-integral-y-rehabilitacion-de-arcada-con-sedacion\/#breadcrumb"},"inLanguage":"en-US","potentialAction":[{"@type":"ReadAction","target":["https:\/\/navarrahealthtourism.com\/en\/sannas-diagnostico-integral-y-rehabilitacion-de-arcada-con-sedacion\/"]}]},{"@type":"ImageObject","inLanguage":"en-US","@id":"https:\/\/navarrahealthtourism.com\/en\/sannas-diagnostico-integral-y-rehabilitacion-de-arcada-con-sedacion\/#primaryimage","url":"https:\/\/navarrahealthtourism.com\/wp-content\/uploads\/\/Logo-Sannas-300x125.jpg","contentUrl":"https:\/\/navarrahealthtourism.com\/wp-content\/uploads\/\/Logo-Sannas-300x125.jpg"},{"@type":"BreadcrumbList","@id":"https:\/\/navarrahealthtourism.com\/en\/sannas-diagnostico-integral-y-rehabilitacion-de-arcada-con-sedacion\/#breadcrumb","itemListElement":[{"@type":"ListItem","position":1,"name":"Portada","item":"https:\/\/navarrahealthtourism.com\/en\/"},{"@type":"ListItem","position":2,"name":"SANNAS | Diagn\u00f3stico integral y rehabilitaci\u00f3n de arcada con sedaci\u00f3n"}]},{"@type":"WebSite","@id":"https:\/\/navarrahealthtourism.com\/en\/#website","url":"https:\/\/navarrahealthtourism.com\/en\/","name":"Navarra Healht Tourism","description":"Turismo de Salud en Navarra","potentialAction":[{"@type":"SearchAction","target":{"@type":"EntryPoint","urlTemplate":"https:\/\/navarrahealthtourism.com\/en\/?s={search_term_string}"},"query-input":{"@type":"PropertyValueSpecification","valueRequired":true,"valueName":"search_term_string"}}],"inLanguage":"en-US"}]}},"_links":{"self":[{"href":"https:\/\/navarrahealthtourism.com\/en\/wp-json\/wp\/v2\/pages\/1994","targetHints":{"allow":["GET"]}}],"collection":[{"href":"https:\/\/navarrahealthtourism.com\/en\/wp-json\/wp\/v2\/pages"}],"about":[{"href":"https:\/\/navarrahealthtourism.com\/en\/wp-json\/wp\/v2\/types\/page"}],"author":[{"embeddable":true,"href":"https:\/\/navarrahealthtourism.com\/en\/wp-json\/wp\/v2\/users\/1"}],"replies":[{"embeddable":true,"href":"https:\/\/navarrahealthtourism.com\/en\/wp-json\/wp\/v2\/comments?post=1994"}],"version-history":[{"count":5,"href":"https:\/\/navarrahealthtourism.com\/en\/wp-json\/wp\/v2\/pages\/1994\/revisions"}],"predecessor-version":[{"id":2000,"href":"https:\/\/navarrahealthtourism.com\/en\/wp-json\/wp\/v2\/pages\/1994\/revisions\/2000"}],"wp:attachment":[{"href":"https:\/\/navarrahealthtourism.com\/en\/wp-json\/wp\/v2\/media?parent=1994"}],"curies":[{"name":"wp","href":"https:\/\/api.w.org\/{rel}","templated":true}]}}