{"id":2001,"date":"2021-10-26T12:38:18","date_gmt":"2021-10-26T12:38:18","guid":{"rendered":"https:\/\/navarrahealthtourism.com\/sannas-rehabilitacion-hiperbarica\/"},"modified":"2021-12-21T15:04:26","modified_gmt":"2021-12-21T15:04:26","slug":"sannas-rehabilitacion-hiperbarica","status":"publish","type":"page","link":"https:\/\/navarrahealthtourism.com\/en\/sannas-rehabilitacion-hiperbarica\/","title":{"rendered":"OXIEN | Rehabilitaci\u00f3n hiperb\u00e1rica"},"content":{"rendered":"<p><img decoding=\"async\" src=\"\/wp-content\/uploads\/OXIEN_Tratamiento1_bis.jpg\" alt=\"\"><\/p>\n<h1>HYPERBARIC REHABILITATION<br \/>\nMINIMUM TREATMENT 10 SESSIONS<br \/>\n<\/h1>\n<div>\n<p>Description of the treatment<\/p>\n<p><strong>Our goal: To increase the oxygen levels having an effect that is anti-infective, deedematizing (reduces fluid accumulation), detoxifying, blood vessel forming, collagen stimulating, increased wound healing rate, among others.<\/strong><\/p>\n<\/div>\n<hr>\n<div>\n<h4>Description \u00a0 \u00a0 \u00a0 \u00a0 \u00a0 \u00a0 \u00a0 \u00a0 \u00a0 \u00a0 \u00a0 \u00a0 \u00a0 \u00a0 \u00a0 \u00a0 \u00a0 \u00a0 \u00a0 \u00a0 \u00a0 \u00a0 \u00a0 \u00a0 \u00a0 \u00a0 \u00a0 From (\u20ac)<br \/>Initial consultation + 10 Sessions                     \u00a0 \u00a0 \u00a0 \u00a0\u00a0 \u00a0 840\u20ac<\/h4>\n<hr \/>\n<\/div>\n<div>\n<p><strong>TREATMENT DIRECTED AT:<\/strong><\/p>\n<ul>\n<li>Neurological patients<\/li>\n<li>Fibromyalgia and chronic fatigue syndrome<\/li>\n<li>Peripheral vascular disease<\/li>\n<li>Sports medicine<\/li>\n<li>Dentistry<\/li>\n<li>Carbon monoxide poisoning<\/li>\n<li>Covid-19 sequelae<\/li>\n<\/ul>\n<\/div>\n<div>\n<p><strong>DETAILS TO ORGANISE YOUR TRIP:<\/strong><\/p>\n<ul>\n<li>Time required for the treatment: 60 min approx\/session<\/li>\n<li>Length of stay in Navarra: 11 days<\/li>\n<li>No need for rest<\/li>\n<li>No check-up required<\/li>\n<\/ul>\n<\/div>\n<p><img decoding=\"async\" src=\"\/wp-content\/uploads\/QIBU_CLINIC_Tratamiento5.jpg\" alt=\"\"><\/p>\n<h1>MEDICAL EXAMINATION OF FITNESS<br \/>\nFOR UNDERWATER ACTIVITIES<br \/>\n<\/h1>\n<div>\n<p>Description of the treatment<\/p>\n<p><strong>Our goal: Hyperbaric medicine is used to perform a medical examination in order to provide the official Certificate of fitness for any underwater activities.<\/strong><\/p>\n<\/div>\n<div>\n<h4>Description \u00a0 \u00a0 \u00a0 \u00a0 \u00a0 \u00a0 \u00a0 \u00a0 \u00a0 \u00a0 \u00a0 \u00a0 \u00a0 \u00a0 \u00a0 \u00a0 \u00a0 \u00a0 \u00a0 \u00a0 \u00a0 \u00a0 \u00a0 \u00a0 \u00a0              \u00a0 \u00a0 From (\u20ac)<br \/>Treatment in 1 session                 \u00a0 \u00a0 \u00a0 \u00a0 \u00a0 \u00a0 \u00a0 \u00a0 \u00a0from \u20ac 40 to \u20ac 100<\/h4>\n<hr \/>\n<\/div>\n<div>\n<p><strong>DETAILS TO ORGANISE YOUR TRIP:<\/strong><\/p>\n<ul>\n<li>Time required for the treatment: 30 min &ndash; 60 min<\/li>\n<li>Length of stay in Navarra: 1 day<\/li>\n<li>No need for rest<\/li>\n<li>No check-up required<\/li>\n<\/ul>\n<\/div>\n<hr>\n<table>\n<tbody>\n<tr>\n<td>\n<h4>Hyperbaric Rehabilitation<\/h4>\n<p><strong>ADDRESS<\/strong>: C\/ Madres de la Plaza de Mayo, 16<br \/>31013 \u2013 Nuevo Artica \u2013 Pamplona \u2013 Navarra<br \/><strong>PHONE<\/strong>: (+34) 948 068 080<br \/><strong>WEBSITE<\/strong>:<span>\u00a0<\/span><a href=\"http:\/\/www.oxien.es\/\" target=\"_blank\" rel=\"noopener\" class=\"customize-unpreviewable\">www.oxien.es<\/a><br \/><strong>EMAIL<\/strong>:<span>\u00a0<\/span><a href=\"http:\/\/www.oxien.es\/contacto\/\" target=\"_blank\" rel=\"noopener\" class=\"customize-unpreviewable\">www.oxien.es\/contacto\/<\/a><\/p>\n<\/td>\n<\/tr>\n<\/tbody>\n<\/table>\n<p><!--more--><br \/>\n<!-- {\"type\":\"layout\",\"children\":[{\"type\":\"section\",\"props\":{\"style\":\"default\",\"width\":\"default\",\"vertical_align\":\"middle\",\"title_position\":\"top-left\",\"title_rotation\":\"left\",\"title_breakpoint\":\"xl\",\"image_position\":\"center-center\"},\"children\":[{\"type\":\"row\",\"props\":{\"layout\":\"1-2,1-2\"},\"children\":[{\"type\":\"column\",\"props\":{\"image_position\":\"center-center\",\"media_overlay_gradient\":\"\",\"width_medium\":\"1-2\"},\"children\":[{\"type\":\"image\",\"props\":{\"margin\":\"default\",\"image_svg_color\":\"emphasis\",\"image\":\"wp-content\\\/uploads\\\/OXIEN_Tratamiento1_bis.jpg\"}},{\"type\":\"headline\",\"props\":{\"title_element\":\"h1\",\"content\":\"HYPERBARIC REHABILITATION<br \\\/>\\nMINIMUM TREATMENT 10 SESSIONS\\n\"}},{\"type\":\"text\",\"props\":{\"margin\":\"default\",\"column_breakpoint\":\"m\",\"content\":\"\n\n<p>Description of the treatment<\\\/p>\\n\n\n<p><strong>Our goal: To increase the oxygen levels having an effect that is anti-infective, deedematizing (reduces fluid accumulation), detoxifying, blood vessel forming, collagen stimulating, increased wound healing rate, among others.<\\\/strong><\\\/p>\"}},{\"type\":\"divider\",\"props\":{\"divider_element\":\"hr\"}},{\"type\":\"text\",\"props\":{\"margin\":\"default\",\"column_breakpoint\":\"m\",\"content\":\"\n\n<h4>Description \\u00a0 \\u00a0 \\u00a0 \\u00a0 \\u00a0 \\u00a0 \\u00a0 \\u00a0 \\u00a0 \\u00a0 \\u00a0 \\u00a0 \\u00a0 \\u00a0 \\u00a0 \\u00a0 \\u00a0 \\u00a0 \\u00a0 \\u00a0 \\u00a0 \\u00a0 \\u00a0 \\u00a0 \\u00a0 \\u00a0 \\u00a0 From (\\u20ac)<br \\\/>Initial consultation + 10 Sessions                     \\u00a0 \\u00a0 \\u00a0 \\u00a0\\u00a0 \\u00a0 840\\u20ac<\\\/h4>\\n\n\n<hr \\\/>\\n\n\n<p><\\\/p>\"}},{\"type\":\"text\",\"props\":{\"margin\":\"default\",\"column_breakpoint\":\"m\",\"content\":\"\n\n<p><strong>TREATMENT DIRECTED AT:<\\\/strong><\\\/p>\\n\n\n<ul>\\n  \n\n<li>Neurological patients<\\\/li>\\n  \n\n<li>Fibromyalgia and chronic fatigue syndrome<\\\/li>\\n  \n\n<li>Peripheral vascular disease<\\\/li>\\n  \n\n<li>Sports medicine<\\\/li>\\n  \n\n<li>Dentistry<\\\/li>\\n  \n\n<li>Carbon monoxide poisoning<\\\/li>\\n  \n\n<li>Covid-19 sequelae<\\\/li>\\n<\\\/ul>\"}},{\"type\":\"text\",\"props\":{\"margin\":\"default\",\"column_breakpoint\":\"m\",\"content\":\"\n\n<p><strong>DETAILS TO ORGANISE YOUR TRIP:<\\\/strong><\\\/p>\\n\n\n<ul>\\n  \n\n<li>Time required for the treatment: 60 min approx\\\/session<\\\/li>\\n  \n\n<li>Length of stay in Navarra: 11 days<\\\/li>\\n  \n\n<li>No need for rest<\\\/li>\\n  \n\n<li>No check-up required<\\\/li>\\n<\\\/ul>\"}}]},{\"type\":\"column\",\"props\":{\"image_position\":\"center-center\",\"media_overlay_gradient\":\"\",\"width_medium\":\"1-2\"},\"children\":[{\"type\":\"image\",\"props\":{\"margin\":\"default\",\"image_svg_color\":\"emphasis\",\"image\":\"wp-content\\\/uploads\\\/QIBU_CLINIC_Tratamiento5.jpg\"}},{\"type\":\"headline\",\"props\":{\"title_element\":\"h1\",\"content\":\"MEDICAL EXAMINATION OF FITNESS\\nFOR UNDERWATER ACTIVITIES\\n\"}},{\"type\":\"text\",\"props\":{\"margin\":\"default\",\"column_breakpoint\":\"m\",\"content\":\"\n\n<p>Description of the treatment<\\\/p>\\n\n\n<p><strong>Our goal: Hyperbaric medicine is used to perform a medical examination in order to provide the official Certificate of fitness for any underwater activities.<\\\/strong><\\\/p>\"}},{\"type\":\"text\",\"props\":{\"margin\":\"default\",\"column_breakpoint\":\"m\",\"content\":\"\n\n<h4>Description \\u00a0 \\u00a0 \\u00a0 \\u00a0 \\u00a0 \\u00a0 \\u00a0 \\u00a0 \\u00a0 \\u00a0 \\u00a0 \\u00a0 \\u00a0 \\u00a0 \\u00a0 \\u00a0 \\u00a0 \\u00a0 \\u00a0 \\u00a0 \\u00a0 \\u00a0 \\u00a0 \\u00a0 \\u00a0              \\u00a0 \\u00a0 From (\\u20ac)<br \\\/>Treatment in 1 session                 \\u00a0 \\u00a0 \\u00a0 \\u00a0 \\u00a0 \\u00a0 \\u00a0 \\u00a0 \\u00a0from \\u20ac 40 to \\u20ac 100<\\\/h4>\\n\n\n<hr \\\/>\\n\n\n<p><\\\/p>\"}},{\"type\":\"text\",\"props\":{\"margin\":\"default\",\"column_breakpoint\":\"m\",\"content\":\"\n\n<p><strong>DETAILS TO ORGANISE YOUR TRIP:<\\\/strong><\\\/p>\\n\n\n<ul>\\n  \n\n<li>Time required for the treatment: 30 min &ndash; 60 min<\\\/li>\\n  \n\n<li>Length of stay in Navarra: 1 day<\\\/li>\\n  \n\n<li>No need for rest<\\\/li>\\n  \n\n<li>No check-up required<\\\/li>\\n<\\\/ul>\"}},{\"type\":\"divider\",\"props\":{\"divider_element\":\"hr\"}},{\"type\":\"table\",\"props\":{\"show_title\":true,\"show_meta\":true,\"show_content\":true,\"show_image\":true,\"show_link\":true,\"table_order\":\"1\",\"table_responsive\":\"overflow\",\"table_width_title\":\"shrink\",\"table_width_meta\":\"shrink\",\"meta_style\":\"meta\",\"image_svg_color\":\"emphasis\",\"link_text\":\"Read more\",\"link_style\":\"default\",\"table_style\":\"striped\"},\"children\":[{\"type\":\"table_item\",\"props\":{\"content\":\"\n\n<h4>Hyperbaric Rehabilitation<\\\/h4>\\n\n\n<p><strong>ADDRESS<\\\/strong>: C\\\/ Madres de la Plaza de Mayo, 16<br \\\/>31013 \\u2013 Nuevo Artica \\u2013 Pamplona \\u2013 Navarra<br \\\/><strong>PHONE<\\\/strong>: (+34) 948 068 080<br \\\/><strong>WEBSITE<\\\/strong>:<span>\\u00a0<\\\/span><a href=\\\"http:\\\/\\\/www.oxien.es\\\/\\\" target=\\\"_blank\\\" rel=\\\"noopener\\\" class=\\\"customize-unpreviewable\\\">www.oxien.es<\\\/a><br \\\/><strong>EMAIL<\\\/strong>:<span>\\u00a0<\\\/span><a href=\\\"http:\\\/\\\/www.oxien.es\\\/contacto\\\/\\\" target=\\\"_blank\\\" rel=\\\"noopener\\\" class=\\\"customize-unpreviewable\\\">www.oxien.es\\\/contacto\\\/<\\\/a><\\\/p>\"}}]}]}]}]}],\"version\":\"2.5.10\"} --><\/p>\n","protected":false},"excerpt":{"rendered":"<p>HYPERBARIC REHABILITATION MINIMUM TREATMENT 10 SESSIONS Description of the treatment Our goal: To increase the oxygen levels having an effect that is anti-infective, deedematizing (reduces fluid accumulation), detoxifying, blood vessel forming, collagen stimulating, increased wound healing rate, among others. Description \u00a0 \u00a0 \u00a0 \u00a0 \u00a0 \u00a0 \u00a0 \u00a0 \u00a0 \u00a0 \u00a0 \u00a0 \u00a0 \u00a0 \u00a0 [&hellip;]<\/p>\n","protected":false},"author":1,"featured_media":0,"parent":0,"menu_order":0,"comment_status":"closed","ping_status":"closed","template":"","meta":{"_acf_changed":false,"footnotes":""},"class_list":["post-2001","page","type-page","status-publish","hentry"],"acf":[],"yoast_head":"<!-- This site is optimized with the Yoast SEO plugin v26.8 - https:\/\/yoast.com\/product\/yoast-seo-wordpress\/ -->\n<title>Rehabilitaci\u00f3n hiperb\u00e1rica - Navarra Healht Tourism<\/title>\n<meta name=\"description\" content=\"Medicina hiperb\u00e1rica especialidad m\u00e9dica que trata los cambios fisiol\u00f3gicos y fisiopatol\u00f3gicos del ser humano, someti\u00e9ndolos a presiones\" \/>\n<meta name=\"robots\" content=\"index, follow, max-snippet:-1, max-image-preview:large, max-video-preview:-1\" \/>\n<link rel=\"canonical\" href=\"https:\/\/navarrahealthtourism.com\/en\/sannas-rehabilitacion-hiperbarica\/\" \/>\n<meta property=\"og:locale\" content=\"en_US\" \/>\n<meta property=\"og:type\" content=\"article\" \/>\n<meta property=\"og:title\" content=\"Rehabilitaci\u00f3n hiperb\u00e1rica - Navarra Healht Tourism\" \/>\n<meta property=\"og:description\" content=\"Medicina hiperb\u00e1rica especialidad m\u00e9dica que trata los cambios fisiol\u00f3gicos y fisiopatol\u00f3gicos del ser humano, someti\u00e9ndolos a presiones\" \/>\n<meta property=\"og:url\" content=\"https:\/\/navarrahealthtourism.com\/en\/sannas-rehabilitacion-hiperbarica\/\" \/>\n<meta property=\"og:site_name\" content=\"Navarra Healht Tourism\" \/>\n<meta property=\"article:modified_time\" content=\"2021-12-21T15:04:26+00:00\" \/>\n<meta property=\"og:image\" content=\"https:\/\/navarrahealthtourism.com\/wp-content\/uploads\/OXIEN_Tratamiento1_bis.jpg\" \/>\n<meta name=\"twitter:card\" content=\"summary_large_image\" \/>\n<meta name=\"twitter:label1\" content=\"Est. reading time\" \/>\n\t<meta name=\"twitter:data1\" content=\"1 minute\" \/>\n<script type=\"application\/ld+json\" class=\"yoast-schema-graph\">{\"@context\":\"https:\/\/schema.org\",\"@graph\":[{\"@type\":\"WebPage\",\"@id\":\"https:\/\/navarrahealthtourism.com\/en\/sannas-rehabilitacion-hiperbarica\/\",\"url\":\"https:\/\/navarrahealthtourism.com\/en\/sannas-rehabilitacion-hiperbarica\/\",\"name\":\"Rehabilitaci\u00f3n hiperb\u00e1rica - Navarra Healht Tourism\",\"isPartOf\":{\"@id\":\"https:\/\/navarrahealthtourism.com\/en\/#website\"},\"datePublished\":\"2021-10-26T12:38:18+00:00\",\"dateModified\":\"2021-12-21T15:04:26+00:00\",\"description\":\"Medicina hiperb\u00e1rica especialidad m\u00e9dica que trata los cambios fisiol\u00f3gicos y fisiopatol\u00f3gicos del ser humano, someti\u00e9ndolos a presiones\",\"breadcrumb\":{\"@id\":\"https:\/\/navarrahealthtourism.com\/en\/sannas-rehabilitacion-hiperbarica\/#breadcrumb\"},\"inLanguage\":\"en-US\",\"potentialAction\":[{\"@type\":\"ReadAction\",\"target\":[\"https:\/\/navarrahealthtourism.com\/en\/sannas-rehabilitacion-hiperbarica\/\"]}]},{\"@type\":\"BreadcrumbList\",\"@id\":\"https:\/\/navarrahealthtourism.com\/en\/sannas-rehabilitacion-hiperbarica\/#breadcrumb\",\"itemListElement\":[{\"@type\":\"ListItem\",\"position\":1,\"name\":\"Portada\",\"item\":\"https:\/\/navarrahealthtourism.com\/en\/\"},{\"@type\":\"ListItem\",\"position\":2,\"name\":\"OXIEN | Rehabilitaci\u00f3n hiperb\u00e1rica\"}]},{\"@type\":\"WebSite\",\"@id\":\"https:\/\/navarrahealthtourism.com\/en\/#website\",\"url\":\"https:\/\/navarrahealthtourism.com\/en\/\",\"name\":\"Navarra Healht Tourism\",\"description\":\"Turismo de Salud en Navarra\",\"potentialAction\":[{\"@type\":\"SearchAction\",\"target\":{\"@type\":\"EntryPoint\",\"urlTemplate\":\"https:\/\/navarrahealthtourism.com\/en\/?s={search_term_string}\"},\"query-input\":{\"@type\":\"PropertyValueSpecification\",\"valueRequired\":true,\"valueName\":\"search_term_string\"}}],\"inLanguage\":\"en-US\"}]}<\/script>\n<!-- \/ Yoast SEO plugin. -->","yoast_head_json":{"title":"Rehabilitaci\u00f3n hiperb\u00e1rica - Navarra Healht Tourism","description":"Medicina hiperb\u00e1rica especialidad m\u00e9dica que trata los cambios fisiol\u00f3gicos y fisiopatol\u00f3gicos del ser humano, someti\u00e9ndolos a presiones","robots":{"index":"index","follow":"follow","max-snippet":"max-snippet:-1","max-image-preview":"max-image-preview:large","max-video-preview":"max-video-preview:-1"},"canonical":"https:\/\/navarrahealthtourism.com\/en\/sannas-rehabilitacion-hiperbarica\/","og_locale":"en_US","og_type":"article","og_title":"Rehabilitaci\u00f3n hiperb\u00e1rica - Navarra Healht Tourism","og_description":"Medicina hiperb\u00e1rica especialidad m\u00e9dica que trata los cambios fisiol\u00f3gicos y fisiopatol\u00f3gicos del ser humano, someti\u00e9ndolos a presiones","og_url":"https:\/\/navarrahealthtourism.com\/en\/sannas-rehabilitacion-hiperbarica\/","og_site_name":"Navarra Healht Tourism","article_modified_time":"2021-12-21T15:04:26+00:00","og_image":[{"url":"https:\/\/navarrahealthtourism.com\/wp-content\/uploads\/OXIEN_Tratamiento1_bis.jpg","type":"","width":"","height":""}],"twitter_card":"summary_large_image","twitter_misc":{"Est. reading time":"1 minute"},"schema":{"@context":"https:\/\/schema.org","@graph":[{"@type":"WebPage","@id":"https:\/\/navarrahealthtourism.com\/en\/sannas-rehabilitacion-hiperbarica\/","url":"https:\/\/navarrahealthtourism.com\/en\/sannas-rehabilitacion-hiperbarica\/","name":"Rehabilitaci\u00f3n hiperb\u00e1rica - Navarra Healht Tourism","isPartOf":{"@id":"https:\/\/navarrahealthtourism.com\/en\/#website"},"datePublished":"2021-10-26T12:38:18+00:00","dateModified":"2021-12-21T15:04:26+00:00","description":"Medicina hiperb\u00e1rica especialidad m\u00e9dica que trata los cambios fisiol\u00f3gicos y fisiopatol\u00f3gicos del ser humano, someti\u00e9ndolos a presiones","breadcrumb":{"@id":"https:\/\/navarrahealthtourism.com\/en\/sannas-rehabilitacion-hiperbarica\/#breadcrumb"},"inLanguage":"en-US","potentialAction":[{"@type":"ReadAction","target":["https:\/\/navarrahealthtourism.com\/en\/sannas-rehabilitacion-hiperbarica\/"]}]},{"@type":"BreadcrumbList","@id":"https:\/\/navarrahealthtourism.com\/en\/sannas-rehabilitacion-hiperbarica\/#breadcrumb","itemListElement":[{"@type":"ListItem","position":1,"name":"Portada","item":"https:\/\/navarrahealthtourism.com\/en\/"},{"@type":"ListItem","position":2,"name":"OXIEN | Rehabilitaci\u00f3n hiperb\u00e1rica"}]},{"@type":"WebSite","@id":"https:\/\/navarrahealthtourism.com\/en\/#website","url":"https:\/\/navarrahealthtourism.com\/en\/","name":"Navarra Healht Tourism","description":"Turismo de Salud en Navarra","potentialAction":[{"@type":"SearchAction","target":{"@type":"EntryPoint","urlTemplate":"https:\/\/navarrahealthtourism.com\/en\/?s={search_term_string}"},"query-input":{"@type":"PropertyValueSpecification","valueRequired":true,"valueName":"search_term_string"}}],"inLanguage":"en-US"}]}},"_links":{"self":[{"href":"https:\/\/navarrahealthtourism.com\/en\/wp-json\/wp\/v2\/pages\/2001","targetHints":{"allow":["GET"]}}],"collection":[{"href":"https:\/\/navarrahealthtourism.com\/en\/wp-json\/wp\/v2\/pages"}],"about":[{"href":"https:\/\/navarrahealthtourism.com\/en\/wp-json\/wp\/v2\/types\/page"}],"author":[{"embeddable":true,"href":"https:\/\/navarrahealthtourism.com\/en\/wp-json\/wp\/v2\/users\/1"}],"replies":[{"embeddable":true,"href":"https:\/\/navarrahealthtourism.com\/en\/wp-json\/wp\/v2\/comments?post=2001"}],"version-history":[{"count":5,"href":"https:\/\/navarrahealthtourism.com\/en\/wp-json\/wp\/v2\/pages\/2001\/revisions"}],"predecessor-version":[{"id":2007,"href":"https:\/\/navarrahealthtourism.com\/en\/wp-json\/wp\/v2\/pages\/2001\/revisions\/2007"}],"wp:attachment":[{"href":"https:\/\/navarrahealthtourism.com\/en\/wp-json\/wp\/v2\/media?parent=2001"}],"curies":[{"name":"wp","href":"https:\/\/api.w.org\/{rel}","templated":true}]}}