{"id":1579,"date":"2021-10-08T07:46:05","date_gmt":"2021-10-08T07:46:05","guid":{"rendered":"https:\/\/navarrahealthtourism.com\/visita-pamplona\/"},"modified":"2023-03-27T08:30:35","modified_gmt":"2023-03-27T08:30:35","slug":"visita-pamplona","status":"publish","type":"page","link":"https:\/\/navarrahealthtourism.com\/ru\/visita-pamplona\/","title":{"rendered":"Visita Pamplona"},"content":{"rendered":"<p><img decoding=\"async\" src=\"\/wp-content\/uploads\/ayuntamiento_pamplona.jpg\" alt=\"\"><\/p>\n<div>\n<h1>AYUNTAMIENTO DE PAMPLONA<\/h1>\n<p><img decoding=\"async\" src=\"https:\/\/navarrahealthtourism.com\/wp-content\/uploads\/logo_ayto.png\" \/><br \/>\nProyecto desarrollado en colaboraci\u00f3n con el Ayuntamiento de Pamplona<br \/><a target=\"Ayuntamiento de Pamplona\" href=\"https:\/\/www.pamplona.es\/turismo\">www.pamplona.es\/turismo<\/a><\/p>\n<p>Pamplona es una ciudad c\u00f3moda, acogedora, moderna, verde, segura y con una amplia oferta gastron\u00f3mica basada en el producto local. Destaca por sus servicios sanitarios y compromiso por la salud y bienestar de sus habitantes y visitantes. Su recinto amurallado, salpicado de parques y jardines, en la que se vislumbra la huella del Camino de Santiago y San Ferm\u00edn, cuenta con una amplia oferta cultural, en la que destacan los festivales de gran calidad y de peque\u00f1o formato dirigidos a los amantes del arte. Su localizaci\u00f3n en el centro de Navarra y su cercan\u00eda a otros lugares como Donostia, Bilbao o el Pa\u00eds Vasco franc\u00e9s, hacen de Pamplona un lugar ideal para planificar las vacaciones o una escapada.<\/p>\n<h2>PAMPLONA ES MURALLAS<\/h2>\n<p>Declaradas Monumento Nacional y con m\u00e1s de 5 kil\u00f3metros de recorrido, las murallas y la Ciudadela de Pamplona constituyen uno de los complejos militares renacentistas m\u00e1s interesantes y mejor conservados de Europa, siendo uno de los recursos tur\u00edsticos m\u00e1s importantes de la ciudad. La Ciudadela, reconvertida actualmente en un centro cultural gestionado por el Ayuntamiento, alberga numerosos eventos y festivales. Pamplona conserva adem\u00e1s un Casco Antiguo de trazado medieval formado por tres burgos, Navarrer\u00eda, San Cernin y la Poblaci\u00f3n de San Nicol\u00e1s, los cuales se unieron en el a\u00f1o 1423 cuando Carlos III dict\u00f3 el Privilegio de la Uni\u00f3n.<\/p>\n<p>Cabe una especial menci\u00f3n al <a target=\"Fort\u00edn\" href=\"https:\/\/www.pamplona.es\/turismo\/fortindesanbartolome\">Fort\u00edn de San Bartolom\u00e9<\/a>: <\/p>\n<h2>PAMPLONA ES SAN FERM\u00cdN<\/h2>\n<p>Las fiestas de San Ferm\u00edn, declaradas fiestas de Inter\u00e9s Tur\u00edstico Internacional en 1980, se celebran todos los a\u00f1os del 6 al 14 de julio. El comienzo de las fiestas es el d\u00eda 6 de julio a las 12:00 con el lanzamiento del cohete en el Chupinazo, y el final es el 14 de julio a las 00:00 con el Pobre de M\u00ed, la despedida oficial de los Sanfermines. Son unas fiestas de fama mundial. Nueve d\u00edas de fiesta ininterrumpida en los que Pamplona se transforma y en los que el protagonista principal es la gente. Es precisamente su car\u00e1cter participativo, diverso y espont\u00e1neo lo que hace que los Sanfermines sean unas fiestas \u00fanicas, irrepetibles y especiales en las que todas las personas pueden disfrutar libremente, a su manera y desde el respeto.<\/p>\n<h2>PAMPLONA ES CAMINO<\/h2>\n<p>Situada en el Camino de Santiago, Pamplona es la primera ciudad en el peregrinaje desde Roncesvalles, lo que ha condicionado su historia y car\u00e1cter desde tiempos remotos. Al tratarse de la primera ciudad, se convierte en el primer punto de apoyo y de referencia para los miles de peregrinos que llegan durante el a\u00f1o, ofreciendo una amplia variedad de servicios orientados a sus necesidades. El Centro de Interpretaci\u00f3n del Camino de Santiago, Ultreia muestra toda la historia de la ciudad y su relaci\u00f3n con el Camino de Santiago.<\/p>\n<h2>PAMPLONA ES GASTRONOM\u00cdA<\/h2>\n<p>Pamplona y Navarra ofrece a quien la visita el sabor de anta\u00f1o, porque en esta tierra se ha sabido conservar un recetario tradicional que se nutre de todos los productos que proporciona el variado paisaje navarro y que hace de la comida un acontecimiento social. Pero tambi\u00e9n ha evolucionado y se ha renovado, siendo punto de mira del buen gourmet que no quiere perderse las creaciones de nuestros mejores chefs.<\/p>\n<h2>PAMPLONA ES VERDE<\/h2>\n<p>La historia y el desarrollo de la ciudad ha llevado a construir una localidad repleta de zonas verdes y \u00e1rboles, en la que se funden el patrimonio cultural y la naturaleza urbana. Los parques m\u00e1s relevantes de la ciudad son los Jardines de la Taconera, el Parque de la Media Luna, el Paseo Fluvial del Arga, el parque de Yamaguchi y la Ciudadela y Vuelta del Castillo. Estas zonas hacen de Pamplona una ciudad verde con interesantes ejemplares de \u00e1rboles. Sus 300 hect\u00e1reas de zonas verdes suponen el 15% de la superficie de la ciudad.<\/p>\n<p>Suscr\u00edbete a nuestra <a target=\"Agenda Ayuntamiento de Pamplona\" href=\"https:\/\/www.pamplona.es\/turismo\/suscripcion-newsletter\">agenda de eventos<\/a>.<\/p>\n<\/div>\n<p><!--more--><br \/>\n<!-- {\"type\":\"layout\",\"children\":[{\"type\":\"section\",\"props\":{\"style\":\"default\",\"width\":\"\",\"vertical_align\":\"middle\",\"title_position\":\"top-left\",\"title_rotation\":\"left\",\"title_breakpoint\":\"xl\",\"image_position\":\"center-center\",\"padding_remove_top\":true,\"padding_remove_bottom\":false},\"children\":[{\"type\":\"row\",\"children\":[{\"type\":\"column\",\"props\":{\"image_position\":\"center-center\",\"media_overlay_gradient\":\"\"},\"children\":[{\"type\":\"image\",\"props\":{\"margin\":\"remove-vertical\",\"image_svg_color\":\"emphasis\",\"image\":\"wp-content\\\/uploads\\\/ayuntamiento_pamplona.jpg\"}}]}]}]},{\"type\":\"section\",\"props\":{\"style\":\"default\",\"width\":\"default\",\"vertical_align\":\"middle\",\"title_position\":\"top-left\",\"title_rotation\":\"left\",\"title_breakpoint\":\"xl\",\"image_position\":\"center-center\",\"padding\":\"none\",\"padding_remove_top\":true},\"children\":[{\"type\":\"row\",\"children\":[{\"type\":\"column\",\"props\":{\"image_position\":\"center-center\",\"media_overlay_gradient\":\"\"},\"children\":[{\"type\":\"html\",\"props\":{\"content\":\"\n\n<h1>AYUNTAMIENTO DE PAMPLONA<\\\/h1>\\n<img src=\\\"https:\\\/\\\/navarrahealthtourism.com\\\/wp-content\\\/uploads\\\/logo_ayto.png\\\" \\\/><br \\\/>\\nProyecto desarrollado en colaboraci\\u00f3n con el Ayuntamiento de Pamplona<br \\\/><a target=\\\"Ayuntamiento de Pamplona\\\" href=\\\"https:\\\/\\\/www.pamplona.es\\\/turismo\\\">www.pamplona.es\\\/turismo<\\\/a>\\n\n\n<p>Pamplona es una ciudad c\\u00f3moda, acogedora, moderna, verde, segura y con una amplia oferta gastron\\u00f3mica basada en el producto local. Destaca por sus servicios sanitarios y compromiso por la salud y bienestar de sus habitantes y visitantes. Su recinto amurallado, salpicado de parques y jardines, en la que se vislumbra la huella del Camino de Santiago y San Ferm\\u00edn, cuenta con una amplia oferta cultural, en la que destacan los festivales de gran calidad y de peque\\u00f1o formato dirigidos a los amantes del arte. Su localizaci\\u00f3n en el centro de Navarra y su cercan\\u00eda a otros lugares como Donostia, Bilbao o el Pa\\u00eds Vasco franc\\u00e9s, hacen de Pamplona un lugar ideal para planificar las vacaciones o una escapada.<\\\/p>\\n\\n\n\n<h2>PAMPLONA ES MURALLAS<\\\/h2>\\n\n\n<p>Declaradas Monumento Nacional y con m\\u00e1s de 5 kil\\u00f3metros de recorrido, las murallas y la Ciudadela de Pamplona constituyen uno de los complejos militares renacentistas m\\u00e1s interesantes y mejor conservados de Europa, siendo uno de los recursos tur\\u00edsticos m\\u00e1s importantes de la ciudad. La Ciudadela, reconvertida actualmente en un centro cultural gestionado por el Ayuntamiento, alberga numerosos eventos y festivales. Pamplona conserva adem\\u00e1s un Casco Antiguo de trazado medieval formado por tres burgos, Navarrer\\u00eda, San Cernin y la Poblaci\\u00f3n de San Nicol\\u00e1s, los cuales se unieron en el a\\u00f1o 1423 cuando Carlos III dict\\u00f3 el Privilegio de la Uni\\u00f3n.<\\\/p>\\n\n\n<p>Cabe una especial menci\\u00f3n al <a target=\\\"Fort\\u00edn\\\" href=\\\"https:\\\/\\\/www.pamplona.es\\\/turismo\\\/fortindesanbartolome\\\">Fort\\u00edn de San Bartolom\\u00e9<\\\/a>: <\\\/p>\\n\n\n<h2>PAMPLONA ES SAN FERM\\u00cdN<\\\/h2>\\n\n\n<p>Las fiestas de San Ferm\\u00edn, declaradas fiestas de Inter\\u00e9s Tur\\u00edstico Internacional en 1980, se celebran todos los a\\u00f1os del 6 al 14 de julio. El comienzo de las fiestas es el d\\u00eda 6 de julio a las 12:00 con el lanzamiento del cohete en el Chupinazo, y el final es el 14 de julio a las 00:00 con el Pobre de M\\u00ed, la despedida oficial de los Sanfermines. Son unas fiestas de fama mundial. Nueve d\\u00edas de fiesta ininterrumpida en los que Pamplona se transforma y en los que el protagonista principal es la gente. Es precisamente su car\\u00e1cter participativo, diverso y espont\\u00e1neo lo que hace que los Sanfermines sean unas fiestas \\u00fanicas, irrepetibles y especiales en las que todas las personas pueden disfrutar libremente, a su manera y desde el respeto.<\\\/p>\\n\\n\n\n<h2>PAMPLONA ES CAMINO<\\\/h2>\\n\n\n<p>Situada en el Camino de Santiago, Pamplona es la primera ciudad en el peregrinaje desde Roncesvalles, lo que ha condicionado su historia y car\\u00e1cter desde tiempos remotos. Al tratarse de la primera ciudad, se convierte en el primer punto de apoyo y de referencia para los miles de peregrinos que llegan durante el a\\u00f1o, ofreciendo una amplia variedad de servicios orientados a sus necesidades. El Centro de Interpretaci\\u00f3n del Camino de Santiago, Ultreia muestra toda la historia de la ciudad y su relaci\\u00f3n con el Camino de Santiago.<\\\/p>\\n\\n\n\n<h2>PAMPLONA ES GASTRONOM\\u00cdA<\\\/h2>\\n\n\n<p>Pamplona y Navarra ofrece a quien la visita el sabor de anta\\u00f1o, porque en esta tierra se ha sabido conservar un recetario tradicional que se nutre de todos los productos que proporciona el variado paisaje navarro y que hace de la comida un acontecimiento social. Pero tambi\\u00e9n ha evolucionado y se ha renovado, siendo punto de mira del buen gourmet que no quiere perderse las creaciones de nuestros mejores chefs.<\\\/p>\\n\\n\n\n<h2>PAMPLONA ES VERDE<\\\/h2>\\n\n\n<p>La historia y el desarrollo de la ciudad ha llevado a construir una localidad repleta de zonas verdes y \\u00e1rboles, en la que se funden el patrimonio cultural y la naturaleza urbana. Los parques m\\u00e1s relevantes de la ciudad son los Jardines de la Taconera, el Parque de la Media Luna, el Paseo Fluvial del Arga, el parque de Yamaguchi y la Ciudadela y Vuelta del Castillo. Estas zonas hacen de Pamplona una ciudad verde con interesantes ejemplares de \\u00e1rboles. Sus 300 hect\\u00e1reas de zonas verdes suponen el 15% de la superficie de la ciudad.<\\\/p>\\n\\n\n\n<p>Suscr\\u00edbete a nuestra <a target=\\\"Agenda Ayuntamiento de Pamplona\\\" href=\\\"https:\\\/\\\/www.pamplona.es\\\/turismo\\\/suscripcion-newsletter\\\">agenda de eventos<\\\/a>.<\\\/p>\"}}]}]}]}],\"version\":\"2.5.10\"} --><\/p>\n","protected":false},"excerpt":{"rendered":"<p>AYUNTAMIENTO DE PAMPLONA Proyecto desarrollado en colaboraci\u00f3n con el Ayuntamiento de Pamplonawww.pamplona.es\/turismo Pamplona es una ciudad c\u00f3moda, acogedora, moderna, verde, segura y con una amplia oferta gastron\u00f3mica basada en el producto local. Destaca por sus servicios sanitarios y compromiso por la salud y bienestar de sus habitantes y visitantes. Su recinto amurallado, salpicado de parques [&hellip;]<\/p>\n","protected":false},"author":1,"featured_media":0,"parent":0,"menu_order":0,"comment_status":"closed","ping_status":"closed","template":"","meta":{"_acf_changed":false,"footnotes":""},"class_list":["post-1579","page","type-page","status-publish","hentry"],"acf":[],"yoast_head":"<!-- This site is optimized with the Yoast SEO plugin v26.8 - https:\/\/yoast.com\/product\/yoast-seo-wordpress\/ -->\n<title>Visita Pamplona - Navarra Healht Tourism<\/title>\n<meta name=\"robots\" content=\"index, follow, max-snippet:-1, max-image-preview:large, max-video-preview:-1\" \/>\n<link rel=\"canonical\" href=\"https:\/\/navarrahealthtourism.com\/ru\/visita-pamplona\/\" \/>\n<meta property=\"og:locale\" content=\"ru_RU\" \/>\n<meta property=\"og:type\" content=\"article\" \/>\n<meta property=\"og:title\" content=\"Visita Pamplona - Navarra Healht Tourism\" \/>\n<meta property=\"og:description\" content=\"AYUNTAMIENTO DE PAMPLONA Proyecto desarrollado en colaboraci\u00f3n con el Ayuntamiento de Pamplonawww.pamplona.es\/turismo Pamplona es una ciudad c\u00f3moda, acogedora, moderna, verde, segura y con una amplia oferta gastron\u00f3mica basada en el producto local. Destaca por sus servicios sanitarios y compromiso por la salud y bienestar de sus habitantes y visitantes. Su recinto amurallado, salpicado de parques [&hellip;]\" \/>\n<meta property=\"og:url\" content=\"https:\/\/navarrahealthtourism.com\/ru\/visita-pamplona\/\" \/>\n<meta property=\"og:site_name\" content=\"Navarra Healht Tourism\" \/>\n<meta property=\"article:modified_time\" content=\"2023-03-27T08:30:35+00:00\" \/>\n<meta property=\"og:image\" content=\"https:\/\/navarrahealthtourism.com\/wp-content\/uploads\/ayuntamiento_pamplona.jpg\" \/>\n<meta name=\"twitter:card\" content=\"summary_large_image\" \/>\n<meta name=\"twitter:label1\" content=\"\u041f\u0440\u0438\u043c\u0435\u0440\u043d\u043e\u0435 \u0432\u0440\u0435\u043c\u044f \u0434\u043b\u044f \u0447\u0442\u0435\u043d\u0438\u044f\" \/>\n\t<meta name=\"twitter:data1\" content=\"3 \u043c\u0438\u043d\u0443\u0442\u044b\" \/>\n<script type=\"application\/ld+json\" class=\"yoast-schema-graph\">{\"@context\":\"https:\/\/schema.org\",\"@graph\":[{\"@type\":\"WebPage\",\"@id\":\"https:\/\/navarrahealthtourism.com\/ru\/visita-pamplona\/\",\"url\":\"https:\/\/navarrahealthtourism.com\/ru\/visita-pamplona\/\",\"name\":\"Visita Pamplona - Navarra Healht Tourism\",\"isPartOf\":{\"@id\":\"https:\/\/navarrahealthtourism.com\/ru\/#website\"},\"primaryImageOfPage\":{\"@id\":\"https:\/\/navarrahealthtourism.com\/ru\/visita-pamplona\/#primaryimage\"},\"image\":{\"@id\":\"https:\/\/navarrahealthtourism.com\/ru\/visita-pamplona\/#primaryimage\"},\"thumbnailUrl\":\"https:\/\/navarrahealthtourism.com\/wp-content\/uploads\/logo_ayto.png\",\"datePublished\":\"2021-10-08T07:46:05+00:00\",\"dateModified\":\"2023-03-27T08:30:35+00:00\",\"breadcrumb\":{\"@id\":\"https:\/\/navarrahealthtourism.com\/ru\/visita-pamplona\/#breadcrumb\"},\"inLanguage\":\"ru-RU\",\"potentialAction\":[{\"@type\":\"ReadAction\",\"target\":[\"https:\/\/navarrahealthtourism.com\/ru\/visita-pamplona\/\"]}]},{\"@type\":\"ImageObject\",\"inLanguage\":\"ru-RU\",\"@id\":\"https:\/\/navarrahealthtourism.com\/ru\/visita-pamplona\/#primaryimage\",\"url\":\"https:\/\/navarrahealthtourism.com\/wp-content\/uploads\/logo_ayto.png\",\"contentUrl\":\"https:\/\/navarrahealthtourism.com\/wp-content\/uploads\/logo_ayto.png\"},{\"@type\":\"BreadcrumbList\",\"@id\":\"https:\/\/navarrahealthtourism.com\/ru\/visita-pamplona\/#breadcrumb\",\"itemListElement\":[{\"@type\":\"ListItem\",\"position\":1,\"name\":\"Portada\",\"item\":\"https:\/\/navarrahealthtourism.com\/ru\/\"},{\"@type\":\"ListItem\",\"position\":2,\"name\":\"Visita Pamplona\"}]},{\"@type\":\"WebSite\",\"@id\":\"https:\/\/navarrahealthtourism.com\/ru\/#website\",\"url\":\"https:\/\/navarrahealthtourism.com\/ru\/\",\"name\":\"Navarra Healht Tourism\",\"description\":\"Turismo de Salud en Navarra\",\"potentialAction\":[{\"@type\":\"SearchAction\",\"target\":{\"@type\":\"EntryPoint\",\"urlTemplate\":\"https:\/\/navarrahealthtourism.com\/ru\/?s={search_term_string}\"},\"query-input\":{\"@type\":\"PropertyValueSpecification\",\"valueRequired\":true,\"valueName\":\"search_term_string\"}}],\"inLanguage\":\"ru-RU\"}]}<\/script>\n<!-- \/ Yoast SEO plugin. -->","yoast_head_json":{"title":"Visita Pamplona - Navarra Healht Tourism","robots":{"index":"index","follow":"follow","max-snippet":"max-snippet:-1","max-image-preview":"max-image-preview:large","max-video-preview":"max-video-preview:-1"},"canonical":"https:\/\/navarrahealthtourism.com\/ru\/visita-pamplona\/","og_locale":"ru_RU","og_type":"article","og_title":"Visita Pamplona - Navarra Healht Tourism","og_description":"AYUNTAMIENTO DE PAMPLONA Proyecto desarrollado en colaboraci\u00f3n con el Ayuntamiento de Pamplonawww.pamplona.es\/turismo Pamplona es una ciudad c\u00f3moda, acogedora, moderna, verde, segura y con una amplia oferta gastron\u00f3mica basada en el producto local. Destaca por sus servicios sanitarios y compromiso por la salud y bienestar de sus habitantes y visitantes. Su recinto amurallado, salpicado de parques [&hellip;]","og_url":"https:\/\/navarrahealthtourism.com\/ru\/visita-pamplona\/","og_site_name":"Navarra Healht Tourism","article_modified_time":"2023-03-27T08:30:35+00:00","og_image":[{"url":"https:\/\/navarrahealthtourism.com\/wp-content\/uploads\/ayuntamiento_pamplona.jpg","type":"","width":"","height":""}],"twitter_card":"summary_large_image","twitter_misc":{"\u041f\u0440\u0438\u043c\u0435\u0440\u043d\u043e\u0435 \u0432\u0440\u0435\u043c\u044f \u0434\u043b\u044f \u0447\u0442\u0435\u043d\u0438\u044f":"3 \u043c\u0438\u043d\u0443\u0442\u044b"},"schema":{"@context":"https:\/\/schema.org","@graph":[{"@type":"WebPage","@id":"https:\/\/navarrahealthtourism.com\/ru\/visita-pamplona\/","url":"https:\/\/navarrahealthtourism.com\/ru\/visita-pamplona\/","name":"Visita Pamplona - Navarra Healht Tourism","isPartOf":{"@id":"https:\/\/navarrahealthtourism.com\/ru\/#website"},"primaryImageOfPage":{"@id":"https:\/\/navarrahealthtourism.com\/ru\/visita-pamplona\/#primaryimage"},"image":{"@id":"https:\/\/navarrahealthtourism.com\/ru\/visita-pamplona\/#primaryimage"},"thumbnailUrl":"https:\/\/navarrahealthtourism.com\/wp-content\/uploads\/logo_ayto.png","datePublished":"2021-10-08T07:46:05+00:00","dateModified":"2023-03-27T08:30:35+00:00","breadcrumb":{"@id":"https:\/\/navarrahealthtourism.com\/ru\/visita-pamplona\/#breadcrumb"},"inLanguage":"ru-RU","potentialAction":[{"@type":"ReadAction","target":["https:\/\/navarrahealthtourism.com\/ru\/visita-pamplona\/"]}]},{"@type":"ImageObject","inLanguage":"ru-RU","@id":"https:\/\/navarrahealthtourism.com\/ru\/visita-pamplona\/#primaryimage","url":"https:\/\/navarrahealthtourism.com\/wp-content\/uploads\/logo_ayto.png","contentUrl":"https:\/\/navarrahealthtourism.com\/wp-content\/uploads\/logo_ayto.png"},{"@type":"BreadcrumbList","@id":"https:\/\/navarrahealthtourism.com\/ru\/visita-pamplona\/#breadcrumb","itemListElement":[{"@type":"ListItem","position":1,"name":"Portada","item":"https:\/\/navarrahealthtourism.com\/ru\/"},{"@type":"ListItem","position":2,"name":"Visita Pamplona"}]},{"@type":"WebSite","@id":"https:\/\/navarrahealthtourism.com\/ru\/#website","url":"https:\/\/navarrahealthtourism.com\/ru\/","name":"Navarra Healht Tourism","description":"Turismo de Salud en Navarra","potentialAction":[{"@type":"SearchAction","target":{"@type":"EntryPoint","urlTemplate":"https:\/\/navarrahealthtourism.com\/ru\/?s={search_term_string}"},"query-input":{"@type":"PropertyValueSpecification","valueRequired":true,"valueName":"search_term_string"}}],"inLanguage":"ru-RU"}]}},"_links":{"self":[{"href":"https:\/\/navarrahealthtourism.com\/ru\/wp-json\/wp\/v2\/pages\/1579","targetHints":{"allow":["GET"]}}],"collection":[{"href":"https:\/\/navarrahealthtourism.com\/ru\/wp-json\/wp\/v2\/pages"}],"about":[{"href":"https:\/\/navarrahealthtourism.com\/ru\/wp-json\/wp\/v2\/types\/page"}],"author":[{"embeddable":true,"href":"https:\/\/navarrahealthtourism.com\/ru\/wp-json\/wp\/v2\/users\/1"}],"replies":[{"embeddable":true,"href":"https:\/\/navarrahealthtourism.com\/ru\/wp-json\/wp\/v2\/comments?post=1579"}],"version-history":[{"count":4,"href":"https:\/\/navarrahealthtourism.com\/ru\/wp-json\/wp\/v2\/pages\/1579\/revisions"}],"predecessor-version":[{"id":2115,"href":"https:\/\/navarrahealthtourism.com\/ru\/wp-json\/wp\/v2\/pages\/1579\/revisions\/2115"}],"wp:attachment":[{"href":"https:\/\/navarrahealthtourism.com\/ru\/wp-json\/wp\/v2\/media?parent=1579"}],"curies":[{"name":"wp","href":"https:\/\/api.w.org\/{rel}","templated":true}]}}